{"id":7253,"date":"2022-06-23T12:35:54","date_gmt":"2022-06-23T10:35:54","guid":{"rendered":"https:\/\/www.adisra.fr\/?page_id=7253"},"modified":"2024-01-26T12:17:31","modified_gmt":"2024-01-26T11:17:31","slug":"a-propos","status":"publish","type":"page","link":"https:\/\/www.adisra.fr\/?page_id=7253","title":{"rendered":"\u00c0 propos"},"content":{"rendered":"\t\t<div data-elementor-type=\"wp-page\" data-elementor-id=\"7253\" class=\"elementor elementor-7253\">\n\t\t\t\t\t\t\t<div class=\"elementor-element elementor-element-14b1cb3 e-container--row e-container\" data-id=\"14b1cb3\" data-element_type=\"container\">\t\t<div class=\"elementor-element elementor-element-f145c06 e-container--column e-container\" data-id=\"f145c06\" data-element_type=\"container\">\t\t\t\t<div class=\"elementor-element elementor-element-a06d9a8 elementor-widget elementor-widget-heading\" data-id=\"a06d9a8\" data-element_type=\"widget\" data-widget_type=\"heading.default\">\n\t\t\t\t<div class=\"elementor-widget-container\">\n\t\t\t<h1 class=\"elementor-heading-title elementor-size-default\">\u00c0 propos<\/h1>\t\t<\/div>\n\t\t\t\t<\/div>\n\t\t\t\t<div class=\"elementor-element elementor-element-cac4253 elementor-widget__width-initial elementor-widget elementor-widget-text-editor\" data-id=\"cac4253\" data-element_type=\"widget\" data-widget_type=\"text-editor.default\">\n\t\t\t\t<div class=\"elementor-widget-container\">\n\t\t\t\t\t\t\t<p>La mission d&rsquo;ADISRA est de d\u00e9velopper des logiciels industriels innovants qui permettent aux clients de maximiser l&rsquo;efficacit\u00e9 et la productivit\u00e9 dans l&rsquo;automatisation des processus dans les machines et les usines.<\/p>\t\t\t\t\t\t<\/div>\n\t\t\t\t<\/div>\n\t\t<div class=\"elementor-element elementor-element-3c4d8ca e-container--row e-container\" data-id=\"3c4d8ca\" data-element_type=\"container\">\t\t<div class=\"elementor-element elementor-element-e5a8862 e-container--row e-container\" data-id=\"e5a8862\" data-element_type=\"container\">\t\t\t\t<div class=\"elementor-element elementor-element-d1a3b41 elementor-widget__width-initial elementor-view-default elementor-widget elementor-widget-icon\" data-id=\"d1a3b41\" data-element_type=\"widget\" data-widget_type=\"icon.default\">\n\t\t\t\t<div class=\"elementor-widget-container\">\n\t\t\t\t\t<div class=\"elementor-icon-wrapper\">\n\t\t\t<div class=\"elementor-icon\">\n\t\t\t<i aria-hidden=\"true\" class=\"fas fa-sitemap\"><\/i>\t\t\t<\/div>\n\t\t<\/div>\n\t\t\t\t<\/div>\n\t\t\t\t<\/div>\n\t\t<div class=\"elementor-element elementor-element-38ff805 e-container--column e-container\" data-id=\"38ff805\" data-element_type=\"container\">\t\t\t\t<div class=\"elementor-element elementor-element-f270981 elementor-widget elementor-widget-heading\" data-id=\"f270981\" data-element_type=\"widget\" data-widget_type=\"heading.default\">\n\t\t\t\t<div class=\"elementor-widget-container\">\n\t\t\t<h2 class=\"elementor-heading-title elementor-size-default\">Suite de logiciels ADISRA<\/h2>\t\t<\/div>\n\t\t\t\t<\/div>\n\t\t\t\t<div class=\"elementor-element elementor-element-0c86b98 elementor-widget elementor-widget-text-editor\" data-id=\"0c86b98\" data-element_type=\"widget\" data-widget_type=\"text-editor.default\">\n\t\t\t\t<div class=\"elementor-widget-container\">\n\t\t\t\t\t\t\t<p>ADISRA propose une suite logicielle modulaire commen\u00e7ant par <strong>ADISRA SmartView<\/strong>, un progiciel IHM\/SCADA pour le d\u00e9veloppement d&rsquo;applications pour la surveillance et la gestion de machines et d&rsquo;installations. <strong>ADISRA InsightView<\/strong> fournit une plate-forme d&rsquo;analyse et de TRS bas\u00e9e sur le cloud pour r\u00e9duire les temps d&rsquo;arr\u00eat des \u00e9quipements et am\u00e9liorer la gestion du cycle de vie des \u00e9quipements afin d&rsquo;augmenter la productivit\u00e9 des processus \u00e0 l&rsquo;\u00e9chelle de l&rsquo;usine. <strong>ADISRA KnowledgeView<\/strong> fournit un syst\u00e8me bas\u00e9 sur le cloud pour anticiper les besoins de maintenance, faciliter le diagnostic des pannes et la dur\u00e9e de vie restante, et augmenter le temps moyen entre les pannes (MTBF) des machines.<\/p>\t\t\t\t\t\t<\/div>\n\t\t\t\t<\/div>\n\t\t<\/div><\/div><div class=\"elementor-element elementor-element-81b648f e-container--column e-container\" data-id=\"81b648f\" data-element_type=\"container\">\t\t\t\t<div class=\"elementor-element elementor-element-e7e75ed elementor-widget elementor-widget-image\" data-id=\"e7e75ed\" data-element_type=\"widget\" data-widget_type=\"image.default\">\n\t\t\t\t<div class=\"elementor-widget-container\">\n\t\t\t\t\t\t\t\t\t\t\t\t\t\t\t<img loading=\"lazy\" decoding=\"async\" width=\"970\" height=\"522\" src=\"https:\/\/www.adisra.fr\/wp-content\/uploads\/2021\/06\/adisra_laptop-1.jpg\" class=\"attachment-large size-large\" alt=\"\" srcset=\"https:\/\/www.adisra.fr\/wp-content\/uploads\/2021\/06\/adisra_laptop-1.jpg 970w, https:\/\/www.adisra.fr\/wp-content\/uploads\/2021\/06\/adisra_laptop-1-300x161.jpg 300w, https:\/\/www.adisra.fr\/wp-content\/uploads\/2021\/06\/adisra_laptop-1-768x413.jpg 768w\" sizes=\"auto, (max-width: 970px) 100vw, 970px\" \/>\t\t\t\t\t\t\t\t\t\t\t\t\t\t\t<\/div>\n\t\t\t\t<\/div>\n\t\t<\/div><\/div>\t\t<div class=\"elementor-element elementor-element-9970c57 elementor-widget__width-initial elementor-widget elementor-widget-text-editor\" data-id=\"9970c57\" data-element_type=\"widget\" data-widget_type=\"text-editor.default\">\n\t\t\t\t<div class=\"elementor-widget-container\">\n\t\t\t\t\t\t\t<p>Notre \u00e9quipe de personnes d\u00e9vou\u00e9es, talentueuses et travailleuses partage l&rsquo;objectif de cr\u00e9er le meilleur logiciel industriel et la meilleure exp\u00e9rience client de l&rsquo;industrie. Nous nous concentrons sur la fourniture de la meilleure solution pour les besoins de nos clients. Cette passion motive notre motivation \u00e0 \u00eatre les meilleurs de l&rsquo;industrie.<\/p>\t\t\t\t\t\t<\/div>\n\t\t\t\t<\/div>\n\t\t\t\t<div class=\"elementor-element elementor-element-e30c59e elementor-widget elementor-widget-heading\" data-id=\"e30c59e\" data-element_type=\"widget\" data-widget_type=\"heading.default\">\n\t\t\t\t<div class=\"elementor-widget-container\">\n\t\t\t<h2 class=\"elementor-heading-title elementor-size-default\">Comment pouvons-nous vous aider ?<\/h2>\t\t<\/div>\n\t\t\t\t<\/div>\n\t\t<div class=\"elementor-element elementor-element-52c7985 e-container--row e-container\" data-id=\"52c7985\" data-element_type=\"container\">\t\t<div class=\"elementor-element elementor-element-d5a0e2c e-container--column e-container\" data-id=\"d5a0e2c\" data-element_type=\"container\">\t\t\t\t<div class=\"elementor-element elementor-element-ea2560d elementor-widget elementor-widget-text-editor\" data-id=\"ea2560d\" data-element_type=\"widget\" data-widget_type=\"text-editor.default\">\n\t\t\t\t<div class=\"elementor-widget-container\">\n\t\t\t\t\t\t\t<p>Notre \u00e9quipe aime ce que nous faisons et esp\u00e8re vous inspirer pour cr\u00e9er des solutions qui r\u00e9solvent vos probl\u00e8mes d&rsquo;automatisation industrielle. Nous sommes impatients de discuter avec vous et d&rsquo;en apprendre davantage sur la fa\u00e7on dont nous pouvons vous aider \u00e0 relever vos d\u00e9fis.<\/p>\t\t\t\t\t\t<\/div>\n\t\t\t\t<\/div>\n\t\t<\/div><div class=\"elementor-element elementor-element-e8074f4 e-container--column e-container\" data-id=\"e8074f4\" data-element_type=\"container\">\t\t\t\t<div class=\"elementor-element elementor-element-ae97ccf elementor-align-center elementor-mobile-align-right elementor-widget elementor-widget-button\" data-id=\"ae97ccf\" data-element_type=\"widget\" data-widget_type=\"button.default\">\n\t\t\t\t<div class=\"elementor-widget-container\">\n\t\t\t\t\t<div class=\"elementor-button-wrapper\">\n\t\t\t<a href=\"https:\/\/www.adisra.fr\/?page_id=1058\" class=\"elementor-button-link elementor-button elementor-size-xs\" role=\"button\">\n\t\t\t\t\t\t<span class=\"elementor-button-content-wrapper\">\n\t\t\t\t\t\t\t<span class=\"elementor-button-icon elementor-align-icon-right\">\n\t\t\t\t<i aria-hidden=\"true\" class=\"icon icon-arrow-right\"><\/i>\t\t\t<\/span>\n\t\t\t\t\t\t<span class=\"elementor-button-text\">Nous contacter<\/span>\n\t\t<\/span>\n\t\t\t\t\t<\/a>\n\t\t<\/div>\n\t\t\t\t<\/div>\n\t\t\t\t<\/div>\n\t\t<\/div><\/div><\/div><\/div>\t\t\t\t\t<\/div>\n\t\t","protected":false},"excerpt":{"rendered":"<p>\u00c0 propos La mission d&rsquo;ADISRA est de d\u00e9velopper des logiciels industriels innovants qui permettent aux clients de maximiser l&rsquo;efficacit\u00e9 et la productivit\u00e9 dans l&rsquo;automatisation des processus dans les machines et les usines. Suite de logiciels ADISRA ADISRA propose une suite logicielle modulaire commen\u00e7ant par ADISRA SmartView, un progiciel IHM\/SCADA pour le d\u00e9veloppement d&rsquo;applications pour la &hellip;<\/p>\n<p class=\"read-more\"> <a class=\"\" href=\"https:\/\/www.adisra.fr\/?page_id=7253\"> <span class=\"screen-reader-text\">\u00c0 propos<\/span> Lire la suite\u00a0\u00bb<\/a><\/p>\n","protected":false},"author":2,"featured_media":0,"parent":0,"menu_order":0,"comment_status":"closed","ping_status":"closed","template":"","meta":{"_monsterinsights_skip_tracking":false,"_monsterinsights_sitenote_active":false,"_monsterinsights_sitenote_note":"","_monsterinsights_sitenote_category":0,"site-sidebar-layout":"no-sidebar","site-content-layout":"page-builder","ast-main-header-display":"","ast-hfb-above-header-display":"","ast-hfb-below-header-display":"","ast-hfb-mobile-header-display":"","site-post-title":"disabled","ast-breadcrumbs-content":"","ast-featured-img":"disabled","footer-sml-layout":"","theme-transparent-header-meta":"default","adv-header-id-meta":"","stick-header-meta":"","header-above-stick-meta":"","header-main-stick-meta":"","header-below-stick-meta":"","footnotes":""},"class_list":["post-7253","page","type-page","status-publish","hentry"],"aioseo_notices":[],"_links":{"self":[{"href":"https:\/\/www.adisra.fr\/index.php?rest_route=\/wp\/v2\/pages\/7253","targetHints":{"allow":["GET"]}}],"collection":[{"href":"https:\/\/www.adisra.fr\/index.php?rest_route=\/wp\/v2\/pages"}],"about":[{"href":"https:\/\/www.adisra.fr\/index.php?rest_route=\/wp\/v2\/types\/page"}],"author":[{"embeddable":true,"href":"https:\/\/www.adisra.fr\/index.php?rest_route=\/wp\/v2\/users\/2"}],"replies":[{"embeddable":true,"href":"https:\/\/www.adisra.fr\/index.php?rest_route=%2Fwp%2Fv2%2Fcomments&post=7253"}],"version-history":[{"count":38,"href":"https:\/\/www.adisra.fr\/index.php?rest_route=\/wp\/v2\/pages\/7253\/revisions"}],"predecessor-version":[{"id":8960,"href":"https:\/\/www.adisra.fr\/index.php?rest_route=\/wp\/v2\/pages\/7253\/revisions\/8960"}],"wp:attachment":[{"href":"https:\/\/www.adisra.fr\/index.php?rest_route=%2Fwp%2Fv2%2Fmedia&parent=7253"}],"curies":[{"name":"wp","href":"https:\/\/api.w.org\/{rel}","templated":true}]}}