{"id":1863,"date":"2021-06-11T14:23:51","date_gmt":"2021-06-11T12:23:51","guid":{"rendered":"http:\/\/www.adisra.fr\/?page_id=1863"},"modified":"2022-10-20T17:25:32","modified_gmt":"2022-10-20T15:25:32","slug":"aide","status":"publish","type":"page","link":"https:\/\/www.adisra.fr\/?page_id=1863","title":{"rendered":"Aide"},"content":{"rendered":"\t\t<div data-elementor-type=\"wp-page\" data-elementor-id=\"1863\" class=\"elementor elementor-1863\">\n\t\t\t\t\t\t\t\t\t<section class=\"elementor-section elementor-top-section elementor-element elementor-element-32e9ecdf elementor-section-boxed elementor-section-height-default elementor-section-height-default\" data-id=\"32e9ecdf\" data-element_type=\"section\">\n\t\t\t\t\t\t<div class=\"elementor-container elementor-column-gap-default\">\n\t\t\t\t\t<div class=\"elementor-column elementor-col-50 elementor-top-column elementor-element elementor-element-2356c5cc\" data-id=\"2356c5cc\" data-element_type=\"column\">\n\t\t\t<div class=\"elementor-widget-wrap elementor-element-populated\">\n\t\t\t\t\t\t\t\t<div class=\"elementor-element elementor-element-cf444b7 elementor-widget elementor-widget-eael-simple-menu\" data-id=\"cf444b7\" data-element_type=\"widget\" data-widget_type=\"eael-simple-menu.default\">\n\t\t\t\t<div class=\"elementor-widget-container\">\n\t\t\t<div data-hamburger-icon=\"&lt;i aria-hidden=&quot;true&quot; class=&quot;fas fa-bars&quot;&gt;&lt;\/i&gt;\" data-indicator-class=\"fas fa-angle-down\" data-dropdown-indicator-class=\"fas fa-angle-down\" class=\"eael-simple-menu-container eael-simple-menu-align-left eael-simple-menu-dropdown-align-left preset-1\" data-hamburger-breakpoints=\"{&quot;mobile&quot;:&quot;Mobile (&gt; 767px)&quot;,&quot;tablet&quot;:&quot;Tablette (&gt; 1024px)&quot;,&quot;none&quot;:&quot;None&quot;}\" data-hamburger-device=\"tablet\"><ul id=\"menu-obtenir-de-laide\" class=\"eael-simple-menu eael-simple-menu-dropdown-animate-to-top eael-simple-menu-indicator eael-simple-menu-vertical\"><li id=\"menu-item-1914\" class=\"menu-item menu-item-type-post_type menu-item-object-page menu-item-has-children menu-item-1914\"><a href=\"https:\/\/www.adisra.fr\/?page_id=1319\" class=\"menu-link\">Introduction<\/a>\n<ul class=\"sub-menu\">\n\t<li id=\"menu-item-1400\" class=\"menu-item menu-item-type-post_type menu-item-object-page menu-item-1400\"><a href=\"https:\/\/www.adisra.fr\/?page_id=1350\" class=\"menu-link\">Architecture<\/a><\/li>\n\t<li id=\"menu-item-1401\" class=\"menu-item menu-item-type-post_type menu-item-object-page menu-item-1401\"><a href=\"https:\/\/www.adisra.fr\/?page_id=1352\" class=\"menu-link\">Conditions<\/a><\/li>\n\t<li id=\"menu-item-1402\" class=\"menu-item menu-item-type-post_type menu-item-object-page menu-item-1402\"><a href=\"https:\/\/www.adisra.fr\/?page_id=1361\" class=\"menu-link\">Installation d\u2019ADISRA SmartView<\/a><\/li>\n\t<li id=\"menu-item-1404\" class=\"menu-item menu-item-type-post_type menu-item-object-page menu-item-1404\"><a href=\"https:\/\/www.adisra.fr\/?page_id=1363\" class=\"menu-link\">License ADISRA SmartView<\/a><\/li>\n\t<li id=\"menu-item-1403\" class=\"menu-item menu-item-type-post_type menu-item-object-page menu-item-1403\"><a href=\"https:\/\/www.adisra.fr\/?page_id=1365\" class=\"menu-link\">Interface Intuitive d\u2019Ing\u00e9nierie<\/a><\/li>\n\t<li id=\"menu-item-1406\" class=\"menu-item menu-item-type-post_type menu-item-object-page menu-item-1406\"><a href=\"https:\/\/www.adisra.fr\/?page_id=1367\" class=\"menu-link\">Script<\/a><\/li>\n\t<li id=\"menu-item-1876\" class=\"menu-item menu-item-type-post_type menu-item-object-page menu-item-1876\"><a href=\"https:\/\/www.adisra.fr\/?page_id=1863\" class=\"menu-link\">Obtenir de l&rsquo;aide<\/a><\/li>\n<\/ul>\n<\/li>\n<li id=\"menu-item-1396\" class=\"menu-item menu-item-type-post_type menu-item-object-page menu-item-has-children menu-item-1396\"><a href=\"https:\/\/www.adisra.fr\/?page_id=1371\" class=\"menu-link\">Modules<\/a>\n<ul class=\"sub-menu\">\n\t<li id=\"menu-item-1408\" class=\"menu-item menu-item-type-post_type menu-item-object-page menu-item-1408\"><a href=\"https:\/\/www.adisra.fr\/?page_id=1373\" class=\"menu-link\">Ing\u00e9nierie<\/a><\/li>\n\t<li id=\"menu-item-1409\" class=\"menu-item menu-item-type-post_type menu-item-object-page menu-item-1409\"><a href=\"https:\/\/www.adisra.fr\/?page_id=1375\" class=\"menu-link\">Ex\u00e9cution<\/a><\/li>\n\t<li id=\"menu-item-1410\" class=\"menu-item menu-item-type-post_type menu-item-object-page menu-item-1410\"><a href=\"https:\/\/www.adisra.fr\/?page_id=1377\" class=\"menu-link\">Visionneuse<\/a><\/li>\n<\/ul>\n<\/li>\n<li id=\"menu-item-1395\" class=\"menu-item menu-item-type-post_type menu-item-object-page menu-item-has-children menu-item-1395\"><a href=\"https:\/\/www.adisra.fr\/?page_id=1379\" class=\"menu-link\">Hot Topics<\/a>\n<ul class=\"sub-menu\">\n\t<li id=\"menu-item-1411\" class=\"menu-item menu-item-type-post_type menu-item-object-page menu-item-1411\"><a href=\"https:\/\/www.adisra.fr\/?page_id=1381\" class=\"menu-link\">Base de donn\u00e9es<\/a><\/li>\n<\/ul>\n<\/li>\n<\/ul><\/div>\t\t<\/div>\n\t\t\t\t<\/div>\n\t\t\t\t\t<\/div>\n\t\t<\/div>\n\t\t\t\t<div class=\"elementor-column elementor-col-50 elementor-top-column elementor-element elementor-element-32a6a159\" data-id=\"32a6a159\" data-element_type=\"column\">\n\t\t\t<div class=\"elementor-widget-wrap elementor-element-populated\">\n\t\t\t\t\t\t\t\t<div class=\"elementor-element elementor-element-65638aea elementor-widget elementor-widget-heading\" data-id=\"65638aea\" data-element_type=\"widget\" data-widget_type=\"heading.default\">\n\t\t\t\t<div class=\"elementor-widget-container\">\n\t\t\t<h1 class=\"elementor-heading-title elementor-size-default\">Menu d'aide<\/h1>\t\t<\/div>\n\t\t\t\t<\/div>\n\t\t\t\t<div class=\"elementor-element elementor-element-3f10ef6a elementor-widget elementor-widget-text-editor\" data-id=\"3f10ef6a\" data-element_type=\"widget\" data-widget_type=\"text-editor.default\">\n\t\t\t\t<div class=\"elementor-widget-container\">\n\t\t\t\t\t\t\t<p><strong>Le menu Aide permet d&rsquo;acc\u00e9der \u00e0 des informations importantes, notamment Aide, \u00c0 propos, Surveillance des ressources, Inscription et Contact.<\/strong><\/p>\t\t\t\t\t\t<\/div>\n\t\t\t\t<\/div>\n\t\t\t\t<div class=\"elementor-element elementor-element-5a2bb4f3 elementor-widget elementor-widget-image\" data-id=\"5a2bb4f3\" data-element_type=\"widget\" data-widget_type=\"image.default\">\n\t\t\t\t<div class=\"elementor-widget-container\">\n\t\t\t\t\t\t\t\t\t\t\t\t\t\t\t<img loading=\"lazy\" decoding=\"async\" width=\"264\" height=\"140\" src=\"https:\/\/www.adisra.fr\/wp-content\/uploads\/2021\/06\/telechargement-15.png\" class=\"attachment-large size-large\" alt=\"\" \/>\t\t\t\t\t\t\t\t\t\t\t\t\t\t\t<\/div>\n\t\t\t\t<\/div>\n\t\t\t\t<div class=\"elementor-element elementor-element-24c8711 elementor-widget elementor-widget-text-editor\" data-id=\"24c8711\" data-element_type=\"widget\" data-widget_type=\"text-editor.default\">\n\t\t\t\t<div class=\"elementor-widget-container\">\n\t\t\t\t\t\t\t<p>Examinons chacun des sujets<\/p>\t\t\t\t\t\t<\/div>\n\t\t\t\t<\/div>\n\t\t\t\t<div class=\"elementor-element elementor-element-79526f3 elementor-widget elementor-widget-heading\" data-id=\"79526f3\" data-element_type=\"widget\" data-widget_type=\"heading.default\">\n\t\t\t\t<div class=\"elementor-widget-container\">\n\t\t\t<h2 class=\"elementor-heading-title elementor-size-default\">Aide<\/h2>\t\t<\/div>\n\t\t\t\t<\/div>\n\t\t\t\t<div class=\"elementor-element elementor-element-9053652 elementor-widget elementor-widget-text-editor\" data-id=\"9053652\" data-element_type=\"widget\" data-widget_type=\"text-editor.default\">\n\t\t\t\t<div class=\"elementor-widget-container\">\n\t\t\t\t\t\t\t<p>Ouvre le document d&rsquo;aide ADISRA SmartView. Il comprend la documentation du logiciel et fournit des informations d\u00e9taill\u00e9es pour r\u00e9pondre aux questions des utilisateurs.<\/p>\t\t\t\t\t\t<\/div>\n\t\t\t\t<\/div>\n\t\t\t\t<div class=\"elementor-element elementor-element-42b5c932 elementor-widget elementor-widget-image\" data-id=\"42b5c932\" data-element_type=\"widget\" data-widget_type=\"image.default\">\n\t\t\t\t<div class=\"elementor-widget-container\">\n\t\t\t\t\t\t\t\t\t\t\t\t\t\t\t<img loading=\"lazy\" decoding=\"async\" width=\"895\" height=\"593\" src=\"https:\/\/www.adisra.fr\/wp-content\/uploads\/2021\/06\/telechargement-16.png\" class=\"attachment-large size-large\" alt=\"\" srcset=\"https:\/\/www.adisra.fr\/wp-content\/uploads\/2021\/06\/telechargement-16.png 895w, https:\/\/www.adisra.fr\/wp-content\/uploads\/2021\/06\/telechargement-16-300x199.png 300w, https:\/\/www.adisra.fr\/wp-content\/uploads\/2021\/06\/telechargement-16-768x509.png 768w\" sizes=\"auto, (max-width: 895px) 100vw, 895px\" \/>\t\t\t\t\t\t\t\t\t\t\t\t\t\t\t<\/div>\n\t\t\t\t<\/div>\n\t\t\t\t<div class=\"elementor-element elementor-element-01f773c elementor-widget elementor-widget-text-editor\" data-id=\"01f773c\" data-element_type=\"widget\" data-widget_type=\"text-editor.default\">\n\t\t\t\t<div class=\"elementor-widget-container\">\n\t\t\t\t\t\t\t<p>Fournit une vue arborescente ou une vue compl\u00e8te de la biblioth\u00e8que de documentation disponible ; l&rsquo;utilisateur peut rechercher un sujet manuellement en utilisant l&rsquo;onglet Index ou rechercher un sujet sp\u00e9cifique en utilisant le dernier onglet (Onglet de recherche).<\/p>\t\t\t\t\t\t<\/div>\n\t\t\t\t<\/div>\n\t\t\t\t<div class=\"elementor-element elementor-element-1978b654 elementor-widget elementor-widget-heading\" data-id=\"1978b654\" data-element_type=\"widget\" data-widget_type=\"heading.default\">\n\t\t\t\t<div class=\"elementor-widget-container\">\n\t\t\t<h2 class=\"elementor-heading-title elementor-size-default\">\u00c0 propos<\/h2>\t\t<\/div>\n\t\t\t\t<\/div>\n\t\t\t\t<div class=\"elementor-element elementor-element-6a2feaf elementor-widget elementor-widget-text-editor\" data-id=\"6a2feaf\" data-element_type=\"widget\" data-widget_type=\"text-editor.default\">\n\t\t\t\t<div class=\"elementor-widget-container\">\n\t\t\t\t\t\t\t<p>Fournit des informations sur la version actuelle du logiciel ADISRA SmartView. Il est important de garder une trace de la version install\u00e9e au cas o\u00f9 un support serait n\u00e9cessaire ou de v\u00e9rifier les correctifs et les fonctionnalit\u00e9s publi\u00e9es.<\/p>\t\t\t\t\t\t<\/div>\n\t\t\t\t<\/div>\n\t\t\t\t<div class=\"elementor-element elementor-element-7bb8e2d2 elementor-widget elementor-widget-image\" data-id=\"7bb8e2d2\" data-element_type=\"widget\" data-widget_type=\"image.default\">\n\t\t\t\t<div class=\"elementor-widget-container\">\n\t\t\t\t\t\t\t\t\t\t\t\t\t\t\t<img loading=\"lazy\" decoding=\"async\" width=\"310\" height=\"120\" src=\"https:\/\/www.adisra.fr\/wp-content\/uploads\/2021\/06\/telechargement-1-2.png\" class=\"attachment-large size-large\" alt=\"\" srcset=\"https:\/\/www.adisra.fr\/wp-content\/uploads\/2021\/06\/telechargement-1-2.png 310w, https:\/\/www.adisra.fr\/wp-content\/uploads\/2021\/06\/telechargement-1-2-300x116.png 300w\" sizes=\"auto, (max-width: 310px) 100vw, 310px\" \/>\t\t\t\t\t\t\t\t\t\t\t\t\t\t\t<\/div>\n\t\t\t\t<\/div>\n\t\t\t\t<div class=\"elementor-element elementor-element-2a1498f9 elementor-widget elementor-widget-heading\" data-id=\"2a1498f9\" data-element_type=\"widget\" data-widget_type=\"heading.default\">\n\t\t\t\t<div class=\"elementor-widget-container\">\n\t\t\t<h2 class=\"elementor-heading-title elementor-size-default\">Moniteur de ressources<\/h2>\t\t<\/div>\n\t\t\t\t<\/div>\n\t\t\t\t<div class=\"elementor-element elementor-element-808cef4 elementor-widget elementor-widget-text-editor\" data-id=\"808cef4\" data-element_type=\"widget\" data-widget_type=\"text-editor.default\">\n\t\t\t\t<div class=\"elementor-widget-container\">\n\t\t\t\t\t\t\t<p>Fournit des informations d&rsquo;acc\u00e8s rapide aux ressources de la machine.<\/p>\t\t\t\t\t\t<\/div>\n\t\t\t\t<\/div>\n\t\t\t\t<div class=\"elementor-element elementor-element-5a37e5f elementor-widget elementor-widget-image\" data-id=\"5a37e5f\" data-element_type=\"widget\" data-widget_type=\"image.default\">\n\t\t\t\t<div class=\"elementor-widget-container\">\n\t\t\t\t\t\t\t\t\t\t\t\t\t\t\t<img loading=\"lazy\" decoding=\"async\" width=\"452\" height=\"172\" src=\"https:\/\/www.adisra.fr\/wp-content\/uploads\/2021\/06\/telechargement-2-2.png\" class=\"attachment-large size-large\" alt=\"\" srcset=\"https:\/\/www.adisra.fr\/wp-content\/uploads\/2021\/06\/telechargement-2-2.png 452w, https:\/\/www.adisra.fr\/wp-content\/uploads\/2021\/06\/telechargement-2-2-300x114.png 300w\" sizes=\"auto, (max-width: 452px) 100vw, 452px\" \/>\t\t\t\t\t\t\t\t\t\t\t\t\t\t\t<\/div>\n\t\t\t\t<\/div>\n\t\t\t\t<div class=\"elementor-element elementor-element-1c293004 elementor-widget elementor-widget-heading\" data-id=\"1c293004\" data-element_type=\"widget\" data-widget_type=\"heading.default\">\n\t\t\t\t<div class=\"elementor-widget-container\">\n\t\t\t<h2 class=\"elementor-heading-title elementor-size-default\">Enregistrement<\/h2>\t\t<\/div>\n\t\t\t\t<\/div>\n\t\t\t\t<div class=\"elementor-element elementor-element-6f647e5 elementor-widget elementor-widget-text-editor\" data-id=\"6f647e5\" data-element_type=\"widget\" data-widget_type=\"text-editor.default\">\n\t\t\t\t<div class=\"elementor-widget-container\">\n\t\t\t\t\t\t\t<p>Ouvre l&rsquo;outil Enregistrement, o\u00f9 l&rsquo;utilisateur peut g\u00e9rer la licence du logiciel.<\/p>\t\t\t\t\t\t<\/div>\n\t\t\t\t<\/div>\n\t\t\t\t<div class=\"elementor-element elementor-element-e5da1d3 elementor-widget elementor-widget-image\" data-id=\"e5da1d3\" data-element_type=\"widget\" data-widget_type=\"image.default\">\n\t\t\t\t<div class=\"elementor-widget-container\">\n\t\t\t\t\t\t\t\t\t\t\t\t\t\t\t<img loading=\"lazy\" decoding=\"async\" width=\"586\" height=\"193\" src=\"https:\/\/www.adisra.fr\/wp-content\/uploads\/2021\/06\/telechargement-3-2.png\" class=\"attachment-large size-large\" alt=\"\" srcset=\"https:\/\/www.adisra.fr\/wp-content\/uploads\/2021\/06\/telechargement-3-2.png 586w, https:\/\/www.adisra.fr\/wp-content\/uploads\/2021\/06\/telechargement-3-2-300x99.png 300w\" sizes=\"auto, (max-width: 586px) 100vw, 586px\" \/>\t\t\t\t\t\t\t\t\t\t\t\t\t\t\t<\/div>\n\t\t\t\t<\/div>\n\t\t\t\t\t<\/div>\n\t\t<\/div>\n\t\t\t\t\t\t\t<\/div>\n\t\t<\/section>\n\t\t\t\t\t\t\t<\/div>\n\t\t","protected":false},"excerpt":{"rendered":"<p>Introduction Architecture Conditions Installation d\u2019ADISRA SmartView License ADISRA SmartView Interface Intuitive d\u2019Ing\u00e9nierie Script Obtenir de l&rsquo;aide Modules Ing\u00e9nierie R\u00e9sum\u00e9 d&rsquo;interface Bouton de menu Barre d&rsquo;acc\u00e8s rapide Ruban Fen\u00eatre de propri\u00e9t\u00e9s Arbre de navigation Arbre logique Affichage Recherche et rapports R\u00e9sultat de recherche Rapport d&rsquo;application Rapport de d\u00e9veloppement R\u00e9sultat de compilation \u00c9tiquettes \u00c9tiquettes syst\u00e8me \u00c9tiquettes basiques &hellip;<\/p>\n<p class=\"read-more\"> <a class=\"\" href=\"https:\/\/www.adisra.fr\/?page_id=1863\"> <span class=\"screen-reader-text\">Aide<\/span> Lire la suite\u00a0\u00bb<\/a><\/p>\n","protected":false},"author":2,"featured_media":0,"parent":0,"menu_order":0,"comment_status":"closed","ping_status":"closed","template":"","meta":{"_monsterinsights_skip_tracking":false,"_monsterinsights_sitenote_active":false,"_monsterinsights_sitenote_note":"","_monsterinsights_sitenote_category":0,"site-sidebar-layout":"no-sidebar","site-content-layout":"page-builder","ast-main-header-display":"","ast-hfb-above-header-display":"","ast-hfb-below-header-display":"","ast-hfb-mobile-header-display":"","site-post-title":"disabled","ast-breadcrumbs-content":"","ast-featured-img":"disabled","footer-sml-layout":"","theme-transparent-header-meta":"default","adv-header-id-meta":"","stick-header-meta":"","header-above-stick-meta":"","header-main-stick-meta":"","header-below-stick-meta":"","footnotes":""},"class_list":["post-1863","page","type-page","status-publish","hentry"],"aioseo_notices":[],"_links":{"self":[{"href":"https:\/\/www.adisra.fr\/index.php?rest_route=\/wp\/v2\/pages\/1863","targetHints":{"allow":["GET"]}}],"collection":[{"href":"https:\/\/www.adisra.fr\/index.php?rest_route=\/wp\/v2\/pages"}],"about":[{"href":"https:\/\/www.adisra.fr\/index.php?rest_route=\/wp\/v2\/types\/page"}],"author":[{"embeddable":true,"href":"https:\/\/www.adisra.fr\/index.php?rest_route=\/wp\/v2\/users\/2"}],"replies":[{"embeddable":true,"href":"https:\/\/www.adisra.fr\/index.php?rest_route=%2Fwp%2Fv2%2Fcomments&post=1863"}],"version-history":[{"count":16,"href":"https:\/\/www.adisra.fr\/index.php?rest_route=\/wp\/v2\/pages\/1863\/revisions"}],"predecessor-version":[{"id":8986,"href":"https:\/\/www.adisra.fr\/index.php?rest_route=\/wp\/v2\/pages\/1863\/revisions\/8986"}],"wp:attachment":[{"href":"https:\/\/www.adisra.fr\/index.php?rest_route=%2Fwp%2Fv2%2Fmedia&parent=1863"}],"curies":[{"name":"wp","href":"https:\/\/api.w.org\/{rel}","templated":true}]}}