{"id":1533,"date":"2021-06-10T11:17:44","date_gmt":"2021-06-10T09:17:44","guid":{"rendered":"http:\/\/www.adisra.fr\/?page_id=1533"},"modified":"2022-06-24T09:28:07","modified_gmt":"2022-06-24T07:28:07","slug":"jauges","status":"publish","type":"page","link":"https:\/\/www.adisra.fr\/?page_id=1533","title":{"rendered":"Jauges"},"content":{"rendered":"\t\t<div data-elementor-type=\"wp-page\" data-elementor-id=\"1533\" class=\"elementor elementor-1533\">\n\t\t\t\t\t\t\t<div class=\"elementor-element elementor-element-ba040dc e-container--row e-container\" data-id=\"ba040dc\" data-element_type=\"container\">\t\t<div class=\"elementor-element elementor-element-662fea9 e-container--column e-container\" data-id=\"662fea9\" data-element_type=\"container\">\t\t<div class=\"elementor-element elementor-element-7f14594 e-container--row e-container\" data-id=\"7f14594\" data-element_type=\"container\">\t\t<div class=\"elementor-element elementor-element-ef48a3e e-container--column e-container\" data-id=\"ef48a3e\" data-element_type=\"container\">\t\t\t\t<div class=\"elementor-element elementor-element-42cc85a elementor-widget elementor-widget-eael-simple-menu\" data-id=\"42cc85a\" data-element_type=\"widget\" data-widget_type=\"eael-simple-menu.default\">\n\t\t\t\t<div class=\"elementor-widget-container\">\n\t\t\t<div data-hamburger-icon=\"&lt;i aria-hidden=&quot;true&quot; class=&quot;fas fa-bars&quot;&gt;&lt;\/i&gt;\" data-indicator-class=\"fas fa-angle-down\" data-dropdown-indicator-class=\"fas fa-angle-down\" class=\"eael-simple-menu-container eael-simple-menu-align-left eael-simple-menu-dropdown-align-left preset-1\" data-hamburger-breakpoints=\"{&quot;mobile&quot;:&quot;Mobile (&gt; 767px)&quot;,&quot;tablet&quot;:&quot;Tablette (&gt; 1024px)&quot;,&quot;none&quot;:&quot;None&quot;}\" data-hamburger-device=\"tablet\"><ul id=\"menu-templates\" class=\"eael-simple-menu eael-simple-menu-dropdown-animate-to-top eael-simple-menu-indicator eael-simple-menu-vertical\"><li id=\"menu-item-1545\" class=\"menu-item menu-item-type-post_type menu-item-object-page menu-item-1545\"><a href=\"https:\/\/www.adisra.fr\/?page_id=1523\" class=\"menu-link\">Cr\u00e9er une template<\/a><\/li>\n<li id=\"menu-item-1544\" class=\"menu-item menu-item-type-post_type menu-item-object-page menu-item-1544\"><a href=\"https:\/\/www.adisra.fr\/?page_id=1526\" class=\"menu-link\">Ajouter une template<\/a><\/li>\n<li id=\"menu-item-1543\" class=\"menu-item menu-item-type-post_type menu-item-object-page menu-item-1543\"><a href=\"https:\/\/www.adisra.fr\/?page_id=1528\" class=\"menu-link\">Importer et exporter<\/a><\/li>\n<li id=\"menu-item-1619\" class=\"menu-item menu-item-type-custom menu-item-object-custom menu-item-has-children menu-item-1619\"><a href=\"#\" class=\"menu-link\">T\u00e9l\u00e9charger<\/a>\n<ul class=\"sub-menu\">\n\t<li id=\"menu-item-1541\" class=\"menu-item menu-item-type-post_type menu-item-object-page menu-item-1541\"><a href=\"https:\/\/www.adisra.fr\/?page_id=1533\" class=\"menu-link\">Jauges<\/a><\/li>\n\t<li id=\"menu-item-1540\" class=\"menu-item menu-item-type-post_type menu-item-object-page menu-item-1540\"><a href=\"https:\/\/www.adisra.fr\/?page_id=1535\" class=\"menu-link\">Commutateur<\/a><\/li>\n\t<li id=\"menu-item-1539\" class=\"menu-item menu-item-type-post_type menu-item-object-page menu-item-1539\"><a href=\"https:\/\/www.adisra.fr\/?page_id=1537\" class=\"menu-link\">Net control<\/a><\/li>\n<\/ul>\n<\/li>\n<\/ul><\/div>\t\t<\/div>\n\t\t\t\t<\/div>\n\t\t<\/div><\/div><\/div><div class=\"elementor-element elementor-element-03bb6d5 e-container--column e-container\" data-id=\"03bb6d5\" data-element_type=\"container\">\t\t\t\t<div class=\"elementor-element elementor-element-918f5fa elementor-widget elementor-widget-heading\" data-id=\"918f5fa\" data-element_type=\"widget\" data-widget_type=\"heading.default\">\n\t\t\t\t<div class=\"elementor-widget-container\">\n\t\t\t<h1 class=\"elementor-heading-title elementor-size-default\">Widgets de Jauge<\/h1>\t\t<\/div>\n\t\t\t\t<\/div>\n\t\t\t\t<div class=\"elementor-element elementor-element-e1aceae elementor-widget elementor-widget-text-editor\" data-id=\"e1aceae\" data-element_type=\"widget\" data-widget_type=\"text-editor.default\">\n\t\t\t\t<div class=\"elementor-widget-container\">\n\t\t\t\t\t\t\t<p>Les widgets de jauge disponibles en t\u00e9l\u00e9chargement sont compress\u00e9s. Afin de les importer dans une application ADISRA SmartView, l&rsquo;utilisateur les d\u00e9compressera et suivra les proc\u00e9dures d&rsquo;importation.<\/p>\t\t\t\t\t\t<\/div>\n\t\t\t\t<\/div>\n\t\t<\/div><\/div><div class=\"elementor-element elementor-element-d8351ea e-container--row e-container\" data-id=\"d8351ea\" data-element_type=\"container\">\t\t<div class=\"elementor-element elementor-element-8575cc5 e-container--column e-container\" data-id=\"8575cc5\" data-element_type=\"container\">\t\t<div class=\"elementor-element elementor-element-cebced2 e-container--row e-container\" data-id=\"cebced2\" data-element_type=\"container\" data-settings=\"{&quot;background_background&quot;:&quot;classic&quot;}\">\t\t\t\t<div class=\"elementor-element elementor-element-93e936f elementor-widget elementor-widget-heading\" data-id=\"93e936f\" data-element_type=\"widget\" data-widget_type=\"heading.default\">\n\t\t\t\t<div class=\"elementor-widget-container\">\n\t\t\t<p class=\"elementor-heading-title elementor-size-default\">T\u00e9l\u00e9chargement<\/p>\t\t<\/div>\n\t\t\t\t<\/div>\n\t\t\t\t<div class=\"elementor-element elementor-element-cac48a4 elementor-widget elementor-widget-heading\" data-id=\"cac48a4\" data-element_type=\"widget\" data-widget_type=\"heading.default\">\n\t\t\t\t<div class=\"elementor-widget-container\">\n\t\t\t<p class=\"elementor-heading-title elementor-size-default\">Propri\u00e9t\u00e9s<\/p>\t\t<\/div>\n\t\t\t\t<\/div>\n\t\t\t\t<div class=\"elementor-element elementor-element-21567e3 elementor-widget elementor-widget-heading\" data-id=\"21567e3\" data-element_type=\"widget\" data-widget_type=\"heading.default\">\n\t\t\t\t<div class=\"elementor-widget-container\">\n\t\t\t<p class=\"elementor-heading-title elementor-size-default\">Description des propri\u00e9t\u00e9s<\/p>\t\t<\/div>\n\t\t\t\t<\/div>\n\t\t<\/div><div class=\"elementor-element elementor-element-784c6d5 e-container--row e-container\" data-id=\"784c6d5\" data-element_type=\"container\">\t\t<div class=\"elementor-element elementor-element-c68d5d3 e-container--column e-container\" data-id=\"c68d5d3\" data-element_type=\"container\">\t\t\t\t<div class=\"elementor-element elementor-element-b714421 elementor-widget elementor-widget-image\" data-id=\"b714421\" data-element_type=\"widget\" data-widget_type=\"image.default\">\n\t\t\t\t<div class=\"elementor-widget-container\">\n\t\t\t\t\t\t\t\t\t\t\t\t\t\t\t\t<a href=\"https:\/\/www.adisra.com\/wp-content\/Templates\/Widget01.extplt\">\n\t\t\t\t\t\t\t<img loading=\"lazy\" decoding=\"async\" width=\"150\" height=\"150\" src=\"https:\/\/www.adisra.fr\/wp-content\/uploads\/2021\/06\/Widget01-150x150-1.png\" class=\"attachment-large size-large\" alt=\"\" \/>\t\t\t\t\t\t\t\t<\/a>\n\t\t\t\t\t\t\t\t\t\t\t\t\t\t\t<\/div>\n\t\t\t\t<\/div>\n\t\t\t\t<div class=\"elementor-element elementor-element-8535a95 elementor-align-center elementor-widget elementor-widget-button\" data-id=\"8535a95\" data-element_type=\"widget\" data-widget_type=\"button.default\">\n\t\t\t\t<div class=\"elementor-widget-container\">\n\t\t\t\t\t<div class=\"elementor-button-wrapper\">\n\t\t\t<a href=\"https:\/\/www.adisra.com\/wp-content\/Templates\/Widget01.extplt\" class=\"elementor-button-link elementor-button elementor-size-xs\" role=\"button\">\n\t\t\t\t\t\t<span class=\"elementor-button-content-wrapper\">\n\t\t\t\t\t\t\t<span class=\"elementor-button-icon elementor-align-icon-right\">\n\t\t\t\t<i aria-hidden=\"true\" class=\"icon icon-download\"><\/i>\t\t\t<\/span>\n\t\t\t\t\t\t<span class=\"elementor-button-text\">T\u00e9l\u00e9charger<\/span>\n\t\t<\/span>\n\t\t\t\t\t<\/a>\n\t\t<\/div>\n\t\t\t\t<\/div>\n\t\t\t\t<\/div>\n\t\t<\/div><div class=\"elementor-element elementor-element-3858f6e e-container--column e-container\" data-id=\"3858f6e\" data-element_type=\"container\">\t\t\t\t<div class=\"elementor-element elementor-element-90cf76a elementor-widget elementor-widget-image\" data-id=\"90cf76a\" data-element_type=\"widget\" data-widget_type=\"image.default\">\n\t\t\t\t<div class=\"elementor-widget-container\">\n\t\t\t\t\t\t\t\t\t\t\t\t\t\t\t<img loading=\"lazy\" decoding=\"async\" width=\"410\" height=\"188\" src=\"https:\/\/www.adisra.fr\/wp-content\/uploads\/2021\/06\/Widget01-Config.png\" class=\"attachment-large size-large\" alt=\"\" srcset=\"https:\/\/www.adisra.fr\/wp-content\/uploads\/2021\/06\/Widget01-Config.png 410w, https:\/\/www.adisra.fr\/wp-content\/uploads\/2021\/06\/Widget01-Config-300x138.png 300w\" sizes=\"auto, (max-width: 410px) 100vw, 410px\" \/>\t\t\t\t\t\t\t\t\t\t\t\t\t\t\t<\/div>\n\t\t\t\t<\/div>\n\t\t<\/div><div class=\"elementor-element elementor-element-4e5401c e-container--column e-container\" data-id=\"4e5401c\" data-element_type=\"container\">\t\t\t\t<div class=\"elementor-element elementor-element-c4ad723 elementor-widget elementor-widget-text-editor\" data-id=\"c4ad723\" data-element_type=\"widget\" data-widget_type=\"text-editor.default\">\n\t\t\t\t<div class=\"elementor-widget-container\">\n\t\t\t\t\t\t\t<ul><li>iColor : nombre ou \u00e9tiquette avec couleur<\/li><li>fValue : balise avec valeur sTitle : texte ou balise avec titre<\/li><li>sUnit : Texte ou Tag avec unit\u00e9<\/li><\/ul>\t\t\t\t\t\t<\/div>\n\t\t\t\t<\/div>\n\t\t<\/div><\/div><div class=\"elementor-element elementor-element-3e448fe e-container--row e-container\" data-id=\"3e448fe\" data-element_type=\"container\">\t\t<div class=\"elementor-element elementor-element-5830f16 e-container--column e-container\" data-id=\"5830f16\" data-element_type=\"container\">\t\t\t\t<div class=\"elementor-element elementor-element-2912549 elementor-widget elementor-widget-image\" data-id=\"2912549\" data-element_type=\"widget\" data-widget_type=\"image.default\">\n\t\t\t\t<div class=\"elementor-widget-container\">\n\t\t\t\t\t\t\t\t\t\t\t\t\t\t\t\t<a href=\"https:\/\/www.adisra.com\/wp-content\/Templates\/Widget02.extplt\">\n\t\t\t\t\t\t\t<img loading=\"lazy\" decoding=\"async\" width=\"150\" height=\"150\" src=\"https:\/\/www.adisra.fr\/wp-content\/uploads\/2021\/06\/Widget02-150x150-1.png\" class=\"attachment-large size-large\" alt=\"\" \/>\t\t\t\t\t\t\t\t<\/a>\n\t\t\t\t\t\t\t\t\t\t\t\t\t\t\t<\/div>\n\t\t\t\t<\/div>\n\t\t\t\t<div class=\"elementor-element elementor-element-bf98340 elementor-align-center elementor-widget elementor-widget-button\" data-id=\"bf98340\" data-element_type=\"widget\" data-widget_type=\"button.default\">\n\t\t\t\t<div class=\"elementor-widget-container\">\n\t\t\t\t\t<div class=\"elementor-button-wrapper\">\n\t\t\t<a href=\"https:\/\/www.adisra.com\/wp-content\/Templates\/Widget02.extplt\" class=\"elementor-button-link elementor-button elementor-size-xs\" role=\"button\">\n\t\t\t\t\t\t<span class=\"elementor-button-content-wrapper\">\n\t\t\t\t\t\t\t<span class=\"elementor-button-icon elementor-align-icon-right\">\n\t\t\t\t<i aria-hidden=\"true\" class=\"icon icon-download\"><\/i>\t\t\t<\/span>\n\t\t\t\t\t\t<span class=\"elementor-button-text\">T\u00e9l\u00e9charger<\/span>\n\t\t<\/span>\n\t\t\t\t\t<\/a>\n\t\t<\/div>\n\t\t\t\t<\/div>\n\t\t\t\t<\/div>\n\t\t<\/div><div class=\"elementor-element elementor-element-3939738 e-container--column e-container\" data-id=\"3939738\" data-element_type=\"container\">\t\t\t\t<div class=\"elementor-element elementor-element-918588f elementor-widget elementor-widget-image\" data-id=\"918588f\" data-element_type=\"widget\" data-widget_type=\"image.default\">\n\t\t\t\t<div class=\"elementor-widget-container\">\n\t\t\t\t\t\t\t\t\t\t\t\t\t\t\t<img loading=\"lazy\" decoding=\"async\" width=\"410\" height=\"191\" src=\"https:\/\/www.adisra.fr\/wp-content\/uploads\/2021\/06\/Widget02-Config.png\" class=\"attachment-large size-large\" alt=\"\" srcset=\"https:\/\/www.adisra.fr\/wp-content\/uploads\/2021\/06\/Widget02-Config.png 410w, https:\/\/www.adisra.fr\/wp-content\/uploads\/2021\/06\/Widget02-Config-300x140.png 300w\" sizes=\"auto, (max-width: 410px) 100vw, 410px\" \/>\t\t\t\t\t\t\t\t\t\t\t\t\t\t\t<\/div>\n\t\t\t\t<\/div>\n\t\t<\/div><div class=\"elementor-element elementor-element-e459489 e-container--column e-container\" data-id=\"e459489\" data-element_type=\"container\">\t\t\t\t<div class=\"elementor-element elementor-element-c12d4b6 elementor-widget elementor-widget-text-editor\" data-id=\"c12d4b6\" data-element_type=\"widget\" data-widget_type=\"text-editor.default\">\n\t\t\t\t<div class=\"elementor-widget-container\">\n\t\t\t\t\t\t\t<ul><li>iColor : nombre ou \u00e9tiquette avec couleur<\/li><li>fValue : balise avec valeur sTitle : texte ou balise avec titre<\/li><li>sUnit : Texte ou Tag avec unit\u00e9<\/li><\/ul>\t\t\t\t\t\t<\/div>\n\t\t\t\t<\/div>\n\t\t<\/div><\/div><\/div><\/div>\t\t\t\t\t<\/div>\n\t\t","protected":false},"excerpt":{"rendered":"<p>Cr\u00e9er une template Ajouter une template Importer et exporter T\u00e9l\u00e9charger Jauges Commutateur Net control Widgets de Jauge Les widgets de jauge disponibles en t\u00e9l\u00e9chargement sont compress\u00e9s. Afin de les importer dans une application ADISRA SmartView, l&rsquo;utilisateur les d\u00e9compressera et suivra les proc\u00e9dures d&rsquo;importation. T\u00e9l\u00e9chargement Propri\u00e9t\u00e9s Description des propri\u00e9t\u00e9s T\u00e9l\u00e9charger iColor : nombre ou \u00e9tiquette avec &hellip;<\/p>\n<p class=\"read-more\"> <a class=\"\" href=\"https:\/\/www.adisra.fr\/?page_id=1533\"> <span class=\"screen-reader-text\">Jauges<\/span> Lire la suite\u00a0\u00bb<\/a><\/p>\n","protected":false},"author":2,"featured_media":0,"parent":0,"menu_order":0,"comment_status":"closed","ping_status":"closed","template":"","meta":{"_monsterinsights_skip_tracking":false,"_monsterinsights_sitenote_active":false,"_monsterinsights_sitenote_note":"","_monsterinsights_sitenote_category":0,"site-sidebar-layout":"no-sidebar","site-content-layout":"page-builder","ast-main-header-display":"","ast-hfb-above-header-display":"","ast-hfb-below-header-display":"","ast-hfb-mobile-header-display":"","site-post-title":"disabled","ast-breadcrumbs-content":"","ast-featured-img":"disabled","footer-sml-layout":"","theme-transparent-header-meta":"default","adv-header-id-meta":"","stick-header-meta":"","header-above-stick-meta":"","header-main-stick-meta":"","header-below-stick-meta":"","footnotes":""},"class_list":["post-1533","page","type-page","status-publish","hentry"],"aioseo_notices":[],"_links":{"self":[{"href":"https:\/\/www.adisra.fr\/index.php?rest_route=\/wp\/v2\/pages\/1533","targetHints":{"allow":["GET"]}}],"collection":[{"href":"https:\/\/www.adisra.fr\/index.php?rest_route=\/wp\/v2\/pages"}],"about":[{"href":"https:\/\/www.adisra.fr\/index.php?rest_route=\/wp\/v2\/types\/page"}],"author":[{"embeddable":true,"href":"https:\/\/www.adisra.fr\/index.php?rest_route=\/wp\/v2\/users\/2"}],"replies":[{"embeddable":true,"href":"https:\/\/www.adisra.fr\/index.php?rest_route=%2Fwp%2Fv2%2Fcomments&post=1533"}],"version-history":[{"count":25,"href":"https:\/\/www.adisra.fr\/index.php?rest_route=\/wp\/v2\/pages\/1533\/revisions"}],"predecessor-version":[{"id":7690,"href":"https:\/\/www.adisra.fr\/index.php?rest_route=\/wp\/v2\/pages\/1533\/revisions\/7690"}],"wp:attachment":[{"href":"https:\/\/www.adisra.fr\/index.php?rest_route=%2Fwp%2Fv2%2Fmedia&parent=1533"}],"curies":[{"name":"wp","href":"https:\/\/api.w.org\/{rel}","templated":true}]}}