{"id":1526,"date":"2021-06-10T11:16:22","date_gmt":"2021-06-10T09:16:22","guid":{"rendered":"http:\/\/www.adisra.fr\/?page_id=1526"},"modified":"2022-06-24T09:15:02","modified_gmt":"2022-06-24T07:15:02","slug":"ajouter-une-template","status":"publish","type":"page","link":"https:\/\/www.adisra.fr\/?page_id=1526","title":{"rendered":"Ajouter une template"},"content":{"rendered":"\t\t<div data-elementor-type=\"wp-page\" data-elementor-id=\"1526\" class=\"elementor elementor-1526\">\n\t\t\t\t\t\t\t\t\t<section class=\"elementor-section elementor-top-section elementor-element elementor-element-2e2e0f81 elementor-section-boxed elementor-section-height-default elementor-section-height-default\" data-id=\"2e2e0f81\" data-element_type=\"section\">\n\t\t\t\t\t\t<div class=\"elementor-container elementor-column-gap-default\">\n\t\t\t\t\t<div class=\"elementor-column elementor-col-33 elementor-top-column elementor-element elementor-element-7b14d28a\" data-id=\"7b14d28a\" data-element_type=\"column\">\n\t\t\t<div class=\"elementor-widget-wrap elementor-element-populated\">\n\t\t\t\t\t\t\t\t<section class=\"elementor-section elementor-inner-section elementor-element elementor-element-30799c91 elementor-section-boxed elementor-section-height-default elementor-section-height-default\" data-id=\"30799c91\" data-element_type=\"section\">\n\t\t\t\t\t\t<div class=\"elementor-container elementor-column-gap-default\">\n\t\t\t\t\t<div class=\"elementor-column elementor-col-100 elementor-inner-column elementor-element elementor-element-67f323d7\" data-id=\"67f323d7\" data-element_type=\"column\">\n\t\t\t<div class=\"elementor-widget-wrap elementor-element-populated\">\n\t\t\t\t\t\t\t\t<div class=\"elementor-element elementor-element-5bb71af elementor-widget elementor-widget-eael-simple-menu\" data-id=\"5bb71af\" data-element_type=\"widget\" data-widget_type=\"eael-simple-menu.default\">\n\t\t\t\t<div class=\"elementor-widget-container\">\n\t\t\t<div data-hamburger-icon=\"&lt;i aria-hidden=&quot;true&quot; class=&quot;fas fa-bars&quot;&gt;&lt;\/i&gt;\" data-indicator-class=\"fas fa-angle-down\" data-dropdown-indicator-class=\"fas fa-angle-down\" class=\"eael-simple-menu-container eael-simple-menu-align-left eael-simple-menu-dropdown-align-left preset-1\" data-hamburger-breakpoints=\"{&quot;mobile&quot;:&quot;Mobile (&gt; 767px)&quot;,&quot;tablet&quot;:&quot;Tablette (&gt; 1024px)&quot;,&quot;none&quot;:&quot;None&quot;}\" data-hamburger-device=\"tablet\"><ul id=\"menu-templates\" class=\"eael-simple-menu eael-simple-menu-dropdown-animate-to-top eael-simple-menu-indicator eael-simple-menu-vertical\"><li id=\"menu-item-1545\" class=\"menu-item menu-item-type-post_type menu-item-object-page menu-item-1545\"><a href=\"https:\/\/www.adisra.fr\/?page_id=1523\" class=\"menu-link\">Cr\u00e9er une template<\/a><\/li>\n<li id=\"menu-item-1544\" class=\"menu-item menu-item-type-post_type menu-item-object-page menu-item-1544\"><a href=\"https:\/\/www.adisra.fr\/?page_id=1526\" class=\"menu-link\">Ajouter une template<\/a><\/li>\n<li id=\"menu-item-1543\" class=\"menu-item menu-item-type-post_type menu-item-object-page menu-item-1543\"><a href=\"https:\/\/www.adisra.fr\/?page_id=1528\" class=\"menu-link\">Importer et exporter<\/a><\/li>\n<li id=\"menu-item-1619\" class=\"menu-item menu-item-type-custom menu-item-object-custom menu-item-has-children menu-item-1619\"><a href=\"#\" class=\"menu-link\">T\u00e9l\u00e9charger<\/a>\n<ul class=\"sub-menu\">\n\t<li id=\"menu-item-1541\" class=\"menu-item menu-item-type-post_type menu-item-object-page menu-item-1541\"><a href=\"https:\/\/www.adisra.fr\/?page_id=1533\" class=\"menu-link\">Jauges<\/a><\/li>\n\t<li id=\"menu-item-1540\" class=\"menu-item menu-item-type-post_type menu-item-object-page menu-item-1540\"><a href=\"https:\/\/www.adisra.fr\/?page_id=1535\" class=\"menu-link\">Commutateur<\/a><\/li>\n\t<li id=\"menu-item-1539\" class=\"menu-item menu-item-type-post_type menu-item-object-page menu-item-1539\"><a href=\"https:\/\/www.adisra.fr\/?page_id=1537\" class=\"menu-link\">Net control<\/a><\/li>\n<\/ul>\n<\/li>\n<\/ul><\/div>\t\t<\/div>\n\t\t\t\t<\/div>\n\t\t\t\t\t<\/div>\n\t\t<\/div>\n\t\t\t\t\t\t\t<\/div>\n\t\t<\/section>\n\t\t\t\t\t<\/div>\n\t\t<\/div>\n\t\t\t\t<div class=\"elementor-column elementor-col-66 elementor-top-column elementor-element elementor-element-43017ec0\" data-id=\"43017ec0\" data-element_type=\"column\">\n\t\t\t<div class=\"elementor-widget-wrap elementor-element-populated\">\n\t\t\t\t\t\t\t\t<div class=\"elementor-element elementor-element-21ecee28 elementor-widget elementor-widget-heading\" data-id=\"21ecee28\" data-element_type=\"widget\" data-widget_type=\"heading.default\">\n\t\t\t\t<div class=\"elementor-widget-container\">\n\t\t\t<h1 class=\"elementor-heading-title elementor-size-default\">Ajout de mod\u00e8les (templates)<\/h1>\t\t<\/div>\n\t\t\t\t<\/div>\n\t\t\t\t<div class=\"elementor-element elementor-element-63a87f65 elementor-widget elementor-widget-text-editor\" data-id=\"63a87f65\" data-element_type=\"widget\" data-widget_type=\"text-editor.default\">\n\t\t\t\t<div class=\"elementor-widget-container\">\n\t\t\t\t\t\t\t<p>Une fois les mod\u00e8les cr\u00e9\u00e9s, ils seront disponibles dans le ruban graphique sous l&rsquo;objet Mod\u00e8le. Veuillez passer en revue les \u00e9tapes suivantes pour ajouter un mod\u00e8le et le configurer, apr\u00e8s quoi vous le verrez dans Runtime.<\/p>\t\t\t\t\t\t<\/div>\n\t\t\t\t<\/div>\n\t\t\t\t<div class=\"elementor-element elementor-element-7e3a1534 elementor-widget elementor-widget-heading\" data-id=\"7e3a1534\" data-element_type=\"widget\" data-widget_type=\"heading.default\">\n\t\t\t\t<div class=\"elementor-widget-container\">\n\t\t\t<h2 class=\"elementor-heading-title elementor-size-default\">1. Ajout d'objet du mod\u00e8le&nbsp;<\/h2>\t\t<\/div>\n\t\t\t\t<\/div>\n\t\t\t\t<div class=\"elementor-element elementor-element-2dc9933b elementor-widget elementor-widget-text-editor\" data-id=\"2dc9933b\" data-element_type=\"widget\" data-widget_type=\"text-editor.default\">\n\t\t\t\t<div class=\"elementor-widget-container\">\n\t\t\t\t\t\t\t<p>Recherchez et cliquez sur l&rsquo;ic\u00f4ne Mod\u00e8le dans le ruban graphique. Il affichera tous les mod\u00e8les disponibles pour le projet en cours dans une bo\u00eete de dialogue contextuelle.<\/p>\t\t\t\t\t\t<\/div>\n\t\t\t\t<\/div>\n\t\t\t\t<div class=\"elementor-element elementor-element-3d614fe elementor-widget elementor-widget-image\" data-id=\"3d614fe\" data-element_type=\"widget\" data-widget_type=\"image.default\">\n\t\t\t\t<div class=\"elementor-widget-container\">\n\t\t\t\t\t\t\t\t\t\t\t\t\t\t\t<img loading=\"lazy\" decoding=\"async\" width=\"1024\" height=\"657\" src=\"https:\/\/www.adisra.fr\/wp-content\/uploads\/2021\/06\/templates-add-1024x657-1.png\" class=\"attachment-large size-large\" alt=\"\" srcset=\"https:\/\/www.adisra.fr\/wp-content\/uploads\/2021\/06\/templates-add-1024x657-1.png 1024w, https:\/\/www.adisra.fr\/wp-content\/uploads\/2021\/06\/templates-add-1024x657-1-300x192.png 300w, https:\/\/www.adisra.fr\/wp-content\/uploads\/2021\/06\/templates-add-1024x657-1-768x493.png 768w\" sizes=\"auto, (max-width: 1024px) 100vw, 1024px\" \/>\t\t\t\t\t\t\t\t\t\t\t\t\t\t\t<\/div>\n\t\t\t\t<\/div>\n\t\t\t\t<div class=\"elementor-element elementor-element-743e1871 elementor-widget elementor-widget-text-editor\" data-id=\"743e1871\" data-element_type=\"widget\" data-widget_type=\"text-editor.default\">\n\t\t\t\t<div class=\"elementor-widget-container\">\n\t\t\t\t\t\t\t<p>S\u00e9lectionnez le mod\u00e8le et cliquez sur OK. La bo\u00eete de dialogue se fermera, vous pouvez cliquer dans la zone graphique pour l&rsquo;ins\u00e9rer.<\/p>\t\t\t\t\t\t<\/div>\n\t\t\t\t<\/div>\n\t\t\t\t<div class=\"elementor-element elementor-element-18747fe elementor-widget elementor-widget-image\" data-id=\"18747fe\" data-element_type=\"widget\" data-widget_type=\"image.default\">\n\t\t\t\t<div class=\"elementor-widget-container\">\n\t\t\t\t\t\t\t\t\t\t\t\t\t\t\t<img loading=\"lazy\" decoding=\"async\" width=\"1024\" height=\"657\" src=\"https:\/\/www.adisra.fr\/wp-content\/uploads\/2021\/06\/templates-add-screenTags-1024x657-1.png\" class=\"attachment-large size-large\" alt=\"\" srcset=\"https:\/\/www.adisra.fr\/wp-content\/uploads\/2021\/06\/templates-add-screenTags-1024x657-1.png 1024w, https:\/\/www.adisra.fr\/wp-content\/uploads\/2021\/06\/templates-add-screenTags-1024x657-1-300x192.png 300w, https:\/\/www.adisra.fr\/wp-content\/uploads\/2021\/06\/templates-add-screenTags-1024x657-1-768x493.png 768w\" sizes=\"auto, (max-width: 1024px) 100vw, 1024px\" \/>\t\t\t\t\t\t\t\t\t\t\t\t\t\t\t<\/div>\n\t\t\t\t<\/div>\n\t\t\t\t<div class=\"elementor-element elementor-element-3a4465e1 elementor-widget elementor-widget-heading\" data-id=\"3a4465e1\" data-element_type=\"widget\" data-widget_type=\"heading.default\">\n\t\t\t\t<div class=\"elementor-widget-container\">\n\t\t\t<h2 class=\"elementor-heading-title elementor-size-default\">2. Configuration des balises d'objet<\/h2>\t\t<\/div>\n\t\t\t\t<\/div>\n\t\t\t\t<div class=\"elementor-element elementor-element-5e6e0dee elementor-widget elementor-widget-text-editor\" data-id=\"5e6e0dee\" data-element_type=\"widget\" data-widget_type=\"text-editor.default\">\n\t\t\t\t<div class=\"elementor-widget-container\">\n\t\t\t\t\t\t\t<p>Dans ce mod\u00e8le, il y a 2 balises d&rsquo;objet, le \u00ab titre \u00bb du mod\u00e8le et la valeur de la jauge.<\/p><ul><li><em><strong>title<\/strong><\/em> (le titre) sera d\u00e9fini avec une valeur fixe \u00ab PLC 1 \u00bb<\/li><li><em><strong> val<\/strong><\/em> sera d\u00e9fini avec une balise. Dans cet exemple, @plcStatus[0] (tableau bool\u00e9en)<\/li><\/ul>\t\t\t\t\t\t<\/div>\n\t\t\t\t<\/div>\n\t\t\t\t<div class=\"elementor-element elementor-element-5b8356f1 elementor-widget elementor-widget-image\" data-id=\"5b8356f1\" data-element_type=\"widget\" data-widget_type=\"image.default\">\n\t\t\t\t<div class=\"elementor-widget-container\">\n\t\t\t\t\t\t\t\t\t\t\t\t\t\t\t<img loading=\"lazy\" decoding=\"async\" width=\"1024\" height=\"657\" src=\"https:\/\/www.adisra.fr\/wp-content\/uploads\/2021\/06\/templates-add-screenTags2-1024x657-1.png\" class=\"attachment-large size-large\" alt=\"\" srcset=\"https:\/\/www.adisra.fr\/wp-content\/uploads\/2021\/06\/templates-add-screenTags2-1024x657-1.png 1024w, https:\/\/www.adisra.fr\/wp-content\/uploads\/2021\/06\/templates-add-screenTags2-1024x657-1-300x192.png 300w, https:\/\/www.adisra.fr\/wp-content\/uploads\/2021\/06\/templates-add-screenTags2-1024x657-1-768x493.png 768w\" sizes=\"auto, (max-width: 1024px) 100vw, 1024px\" \/>\t\t\t\t\t\t\t\t\t\t\t\t\t\t\t<\/div>\n\t\t\t\t<\/div>\n\t\t\t\t<div class=\"elementor-element elementor-element-25ed4e3d elementor-widget elementor-widget-text-editor\" data-id=\"25ed4e3d\" data-element_type=\"widget\" data-widget_type=\"text-editor.default\">\n\t\t\t\t<div class=\"elementor-widget-container\">\n\t\t\t\t\t\t\t<p>C&rsquo;est un mod\u00e8le tr\u00e8s simple et il est pr\u00eat \u00e0 \u00eatre utilis\u00e9.<\/p><p>Affichons le mod\u00e8le r\u00e9utilis\u00e9 par d&rsquo;autres balises. Nous ajouterons 2 mod\u00e8les suppl\u00e9mentaires pour afficher l&rsquo;\u00e9tat de 2 automates (PLC) suppl\u00e9mentaires et ajouterons des cases \u00e0 cocher pour simuler l&rsquo;\u00e9tat des trois automates (PLC).<\/p>\t\t\t\t\t\t<\/div>\n\t\t\t\t<\/div>\n\t\t\t\t<div class=\"elementor-element elementor-element-23256fd1 elementor-widget elementor-widget-image\" data-id=\"23256fd1\" data-element_type=\"widget\" data-widget_type=\"image.default\">\n\t\t\t\t<div class=\"elementor-widget-container\">\n\t\t\t\t\t\t\t\t\t\t\t\t\t\t\t<img loading=\"lazy\" decoding=\"async\" width=\"1024\" height=\"496\" src=\"https:\/\/www.adisra.fr\/wp-content\/uploads\/2021\/06\/templates-add-screenTags3-1024x496-1.png\" class=\"attachment-large size-large\" alt=\"\" srcset=\"https:\/\/www.adisra.fr\/wp-content\/uploads\/2021\/06\/templates-add-screenTags3-1024x496-1.png 1024w, https:\/\/www.adisra.fr\/wp-content\/uploads\/2021\/06\/templates-add-screenTags3-1024x496-1-300x145.png 300w, https:\/\/www.adisra.fr\/wp-content\/uploads\/2021\/06\/templates-add-screenTags3-1024x496-1-768x372.png 768w\" sizes=\"auto, (max-width: 1024px) 100vw, 1024px\" \/>\t\t\t\t\t\t\t\t\t\t\t\t\t\t\t<\/div>\n\t\t\t\t<\/div>\n\t\t\t\t<div class=\"elementor-element elementor-element-cb6929d elementor-widget elementor-widget-text-editor\" data-id=\"cb6929d\" data-element_type=\"widget\" data-widget_type=\"text-editor.default\">\n\t\t\t\t<div class=\"elementor-widget-container\">\n\t\t\t\t\t\t\t<p style=\"text-align: center;\"><em>Chaque mod\u00e8le et cases \u00e0 cocher ont \u00e9t\u00e9 configur\u00e9s correctement<\/em><\/p>\t\t\t\t\t\t<\/div>\n\t\t\t\t<\/div>\n\t\t\t\t<section class=\"elementor-section elementor-inner-section elementor-element elementor-element-262951b5 elementor-section-boxed elementor-section-height-default elementor-section-height-default\" data-id=\"262951b5\" data-element_type=\"section\">\n\t\t\t\t\t\t<div class=\"elementor-container elementor-column-gap-default\">\n\t\t\t\t\t<div class=\"elementor-column elementor-col-100 elementor-inner-column elementor-element elementor-element-e7ee5c2\" data-id=\"e7ee5c2\" data-element_type=\"column\">\n\t\t\t<div class=\"elementor-widget-wrap elementor-element-populated\">\n\t\t\t\t\t\t\t\t<div class=\"elementor-element elementor-element-42270ab8 elementor-widget elementor-widget-heading\" data-id=\"42270ab8\" data-element_type=\"widget\" data-widget_type=\"heading.default\">\n\t\t\t\t<div class=\"elementor-widget-container\">\n\t\t\t<h2 class=\"elementor-heading-title elementor-size-default\">3. Ex\u00e9cuter l'application<\/h2>\t\t<\/div>\n\t\t\t\t<\/div>\n\t\t\t\t<div class=\"elementor-element elementor-element-65880db8 elementor-widget elementor-widget-text-editor\" data-id=\"65880db8\" data-element_type=\"widget\" data-widget_type=\"text-editor.default\">\n\t\t\t\t<div class=\"elementor-widget-container\">\n\t\t\t\t\t\t\t<p>Il est temps de tester ! D\u00e8s que l&rsquo;application est ex\u00e9cut\u00e9e, nous pouvons changer la valeur des balises d&rsquo;\u00e9tat et ces changements se refl\u00e9teront dans le mod\u00e8le de jauge.<\/p>\t\t\t\t\t\t<\/div>\n\t\t\t\t<\/div>\n\t\t\t\t<div class=\"elementor-element elementor-element-5a1a4765 elementor-widget elementor-widget-image\" data-id=\"5a1a4765\" data-element_type=\"widget\" data-widget_type=\"image.default\">\n\t\t\t\t<div class=\"elementor-widget-container\">\n\t\t\t\t\t\t\t\t\t\t\t\t\t\t\t<img loading=\"lazy\" decoding=\"async\" width=\"1024\" height=\"464\" src=\"https:\/\/www.adisra.fr\/wp-content\/uploads\/2021\/06\/templates-running-1024x464-1.png\" class=\"attachment-large size-large\" alt=\"\" srcset=\"https:\/\/www.adisra.fr\/wp-content\/uploads\/2021\/06\/templates-running-1024x464-1.png 1024w, https:\/\/www.adisra.fr\/wp-content\/uploads\/2021\/06\/templates-running-1024x464-1-300x136.png 300w, https:\/\/www.adisra.fr\/wp-content\/uploads\/2021\/06\/templates-running-1024x464-1-768x348.png 768w\" sizes=\"auto, (max-width: 1024px) 100vw, 1024px\" \/>\t\t\t\t\t\t\t\t\t\t\t\t\t\t\t<\/div>\n\t\t\t\t<\/div>\n\t\t\t\t\t<\/div>\n\t\t<\/div>\n\t\t\t\t\t\t\t<\/div>\n\t\t<\/section>\n\t\t\t\t\t<\/div>\n\t\t<\/div>\n\t\t\t\t\t\t\t<\/div>\n\t\t<\/section>\n\t\t\t\t\t\t\t<\/div>\n\t\t","protected":false},"excerpt":{"rendered":"<p>Cr\u00e9er une template Ajouter une template Importer et exporter T\u00e9l\u00e9charger Jauges Commutateur Net control Ajout de mod\u00e8les (templates) Une fois les mod\u00e8les cr\u00e9\u00e9s, ils seront disponibles dans le ruban graphique sous l&rsquo;objet Mod\u00e8le. Veuillez passer en revue les \u00e9tapes suivantes pour ajouter un mod\u00e8le et le configurer, apr\u00e8s quoi vous le verrez dans Runtime. 1. &hellip;<\/p>\n<p class=\"read-more\"> <a class=\"\" href=\"https:\/\/www.adisra.fr\/?page_id=1526\"> <span class=\"screen-reader-text\">Ajouter une template<\/span> Lire la suite\u00a0\u00bb<\/a><\/p>\n","protected":false},"author":2,"featured_media":0,"parent":0,"menu_order":0,"comment_status":"closed","ping_status":"closed","template":"","meta":{"_monsterinsights_skip_tracking":false,"_monsterinsights_sitenote_active":false,"_monsterinsights_sitenote_note":"","_monsterinsights_sitenote_category":0,"site-sidebar-layout":"no-sidebar","site-content-layout":"page-builder","ast-main-header-display":"","ast-hfb-above-header-display":"","ast-hfb-below-header-display":"","ast-hfb-mobile-header-display":"","site-post-title":"disabled","ast-breadcrumbs-content":"","ast-featured-img":"disabled","footer-sml-layout":"","theme-transparent-header-meta":"default","adv-header-id-meta":"","stick-header-meta":"","header-above-stick-meta":"","header-main-stick-meta":"","header-below-stick-meta":"","footnotes":""},"class_list":["post-1526","page","type-page","status-publish","hentry"],"aioseo_notices":[],"_links":{"self":[{"href":"https:\/\/www.adisra.fr\/index.php?rest_route=\/wp\/v2\/pages\/1526","targetHints":{"allow":["GET"]}}],"collection":[{"href":"https:\/\/www.adisra.fr\/index.php?rest_route=\/wp\/v2\/pages"}],"about":[{"href":"https:\/\/www.adisra.fr\/index.php?rest_route=\/wp\/v2\/types\/page"}],"author":[{"embeddable":true,"href":"https:\/\/www.adisra.fr\/index.php?rest_route=\/wp\/v2\/users\/2"}],"replies":[{"embeddable":true,"href":"https:\/\/www.adisra.fr\/index.php?rest_route=%2Fwp%2Fv2%2Fcomments&post=1526"}],"version-history":[{"count":14,"href":"https:\/\/www.adisra.fr\/index.php?rest_route=\/wp\/v2\/pages\/1526\/revisions"}],"predecessor-version":[{"id":8586,"href":"https:\/\/www.adisra.fr\/index.php?rest_route=\/wp\/v2\/pages\/1526\/revisions\/8586"}],"wp:attachment":[{"href":"https:\/\/www.adisra.fr\/index.php?rest_route=%2Fwp%2Fv2%2Fmedia&parent=1526"}],"curies":[{"name":"wp","href":"https:\/\/api.w.org\/{rel}","templated":true}]}}