{"id":1377,"date":"2021-06-07T17:34:21","date_gmt":"2021-06-07T15:34:21","guid":{"rendered":"http:\/\/adisrav.cluster028.hosting.ovh.net\/?page_id=1377"},"modified":"2022-06-29T10:18:14","modified_gmt":"2022-06-29T08:18:14","slug":"viewer","status":"publish","type":"page","link":"https:\/\/www.adisra.fr\/?page_id=1377","title":{"rendered":"Visionneuse"},"content":{"rendered":"\t\t<div data-elementor-type=\"wp-page\" data-elementor-id=\"1377\" class=\"elementor elementor-1377\">\n\t\t\t\t\t\t\t<div class=\"elementor-element elementor-element-70cac97 e-container--row e-container\" data-id=\"70cac97\" data-element_type=\"container\">\t\t<div class=\"elementor-element elementor-element-5f53ff0 e-container--column e-container\" data-id=\"5f53ff0\" data-element_type=\"container\">\t\t<div class=\"elementor-element elementor-element-e9b1245 e-container--column e-container\" data-id=\"e9b1245\" data-element_type=\"container\">\t\t\t\t<div class=\"elementor-element elementor-element-5894cac elementor-widget elementor-widget-eael-simple-menu\" data-id=\"5894cac\" data-element_type=\"widget\" data-widget_type=\"eael-simple-menu.default\">\n\t\t\t\t<div class=\"elementor-widget-container\">\n\t\t\t<div data-hamburger-icon=\"&lt;i aria-hidden=&quot;true&quot; class=&quot;fas fa-bars&quot;&gt;&lt;\/i&gt;\" data-indicator-class=\"fas fa-angle-down\" data-dropdown-indicator-class=\"fas fa-angle-down\" class=\"eael-simple-menu-container eael-simple-menu-align-left eael-simple-menu-dropdown-align-left preset-1\" data-hamburger-breakpoints=\"{&quot;mobile&quot;:&quot;Mobile (&gt; 767px)&quot;,&quot;tablet&quot;:&quot;Tablette (&gt; 1024px)&quot;,&quot;none&quot;:&quot;None&quot;}\" data-hamburger-device=\"tablet\"><ul id=\"menu-obtenir-de-laide\" class=\"eael-simple-menu eael-simple-menu-dropdown-animate-to-top eael-simple-menu-indicator eael-simple-menu-vertical\"><li id=\"menu-item-1914\" class=\"menu-item menu-item-type-post_type menu-item-object-page menu-item-has-children menu-item-1914\"><a href=\"https:\/\/www.adisra.fr\/?page_id=1319\" class=\"menu-link\">Introduction<\/a>\n<ul class=\"sub-menu\">\n\t<li id=\"menu-item-1400\" class=\"menu-item menu-item-type-post_type menu-item-object-page menu-item-1400\"><a href=\"https:\/\/www.adisra.fr\/?page_id=1350\" class=\"menu-link\">Architecture<\/a><\/li>\n\t<li id=\"menu-item-1401\" class=\"menu-item menu-item-type-post_type menu-item-object-page menu-item-1401\"><a href=\"https:\/\/www.adisra.fr\/?page_id=1352\" class=\"menu-link\">Conditions<\/a><\/li>\n\t<li id=\"menu-item-1402\" class=\"menu-item menu-item-type-post_type menu-item-object-page menu-item-1402\"><a href=\"https:\/\/www.adisra.fr\/?page_id=1361\" class=\"menu-link\">Installation d\u2019ADISRA SmartView<\/a><\/li>\n\t<li id=\"menu-item-1404\" class=\"menu-item menu-item-type-post_type menu-item-object-page menu-item-1404\"><a href=\"https:\/\/www.adisra.fr\/?page_id=1363\" class=\"menu-link\">License ADISRA SmartView<\/a><\/li>\n\t<li id=\"menu-item-1403\" class=\"menu-item menu-item-type-post_type menu-item-object-page menu-item-1403\"><a href=\"https:\/\/www.adisra.fr\/?page_id=1365\" class=\"menu-link\">Interface Intuitive d\u2019Ing\u00e9nierie<\/a><\/li>\n\t<li id=\"menu-item-1406\" class=\"menu-item menu-item-type-post_type menu-item-object-page menu-item-1406\"><a href=\"https:\/\/www.adisra.fr\/?page_id=1367\" class=\"menu-link\">Script<\/a><\/li>\n\t<li id=\"menu-item-1876\" class=\"menu-item menu-item-type-post_type menu-item-object-page menu-item-1876\"><a href=\"https:\/\/www.adisra.fr\/?page_id=1863\" class=\"menu-link\">Obtenir de l&rsquo;aide<\/a><\/li>\n<\/ul>\n<\/li>\n<li id=\"menu-item-1396\" class=\"menu-item menu-item-type-post_type menu-item-object-page menu-item-has-children menu-item-1396\"><a href=\"https:\/\/www.adisra.fr\/?page_id=1371\" class=\"menu-link\">Modules<\/a>\n<ul class=\"sub-menu\">\n\t<li id=\"menu-item-1408\" class=\"menu-item menu-item-type-post_type menu-item-object-page menu-item-1408\"><a href=\"https:\/\/www.adisra.fr\/?page_id=1373\" class=\"menu-link\">Ing\u00e9nierie<\/a><\/li>\n\t<li id=\"menu-item-1409\" class=\"menu-item menu-item-type-post_type menu-item-object-page menu-item-1409\"><a href=\"https:\/\/www.adisra.fr\/?page_id=1375\" class=\"menu-link\">Ex\u00e9cution<\/a><\/li>\n\t<li id=\"menu-item-1410\" class=\"menu-item menu-item-type-post_type menu-item-object-page menu-item-1410\"><a href=\"https:\/\/www.adisra.fr\/?page_id=1377\" class=\"menu-link\">Visionneuse<\/a><\/li>\n<\/ul>\n<\/li>\n<li id=\"menu-item-1395\" class=\"menu-item menu-item-type-post_type menu-item-object-page menu-item-has-children menu-item-1395\"><a href=\"https:\/\/www.adisra.fr\/?page_id=1379\" class=\"menu-link\">Hot Topics<\/a>\n<ul class=\"sub-menu\">\n\t<li id=\"menu-item-1411\" class=\"menu-item menu-item-type-post_type menu-item-object-page menu-item-1411\"><a href=\"https:\/\/www.adisra.fr\/?page_id=1381\" class=\"menu-link\">Base de donn\u00e9es<\/a><\/li>\n<\/ul>\n<\/li>\n<\/ul><\/div>\t\t<\/div>\n\t\t\t\t<\/div>\n\t\t<\/div><\/div><div class=\"elementor-element elementor-element-1663b44 e-container--column e-container\" data-id=\"1663b44\" data-element_type=\"container\">\t\t\t\t<div class=\"elementor-element elementor-element-24444f4 elementor-widget elementor-widget-heading\" data-id=\"24444f4\" data-element_type=\"widget\" data-widget_type=\"heading.default\">\n\t\t\t\t<div class=\"elementor-widget-container\">\n\t\t\t<h1 class=\"elementor-heading-title elementor-size-default\">Visionneuse<\/h1>\t\t<\/div>\n\t\t\t\t<\/div>\n\t\t\t\t<div class=\"elementor-element elementor-element-c99565e elementor-widget elementor-widget-text-editor\" data-id=\"c99565e\" data-element_type=\"widget\" data-widget_type=\"text-editor.default\">\n\t\t\t\t<div class=\"elementor-widget-container\">\n\t\t\t\t\t\t\t<p style=\"font-size: 16px; font-style: normal; font-weight: 400;\">La visionneur d&rsquo;ADISRA SmartView est le client de l&rsquo;environnement d&rsquo;ex\u00e9cution (serveur). Il n&rsquo;est pas essentiel pour ex\u00e9cuter l&rsquo;application, mais c&rsquo;est ce qui permet de voir celle-ci graphiquement. Un bon exemple est la possibilit\u00e9 d&rsquo;autoriser les utilisateurs a int\u00e9ragir avec la machine (IHM) en envoyant des commandes ou en recevant des donn\u00e9es. La visionneuse peut \u00eatre ex\u00e9cut\u00e9e en local ou \u00e0 distance. La licence ADISRA SmartView permet de d\u00e9terminer le nombre de visionneuses pouvant \u00eatre connect\u00e9es.&nbsp;<\/p>\n<p style=\"font-size: 16px; font-style: normal; font-weight: 400;\">Types de Visionneuses:<\/p>\n<ul style=\"font-size: 16px; font-style: normal; font-weight: 400;\">\n<li style=\"font-size: 16px;\">Locale<\/li>\n<li style=\"font-size: 16px;\">\u00c0 distance<\/li>\n<li style=\"font-size: 16px;\"><span style=\"font-style: inherit; font-weight: inherit; text-align: var(--text-align);\">Client Web L\u00e9ger&nbsp;<\/span><\/li>\n<li style=\"font-size: 16px;\"><span style=\"font-style: inherit; font-weight: inherit; text-align: var(--text-align);\">Application mobile<\/span><\/li>\n<\/ul>\n<div>\n<div class=\"elementor-element elementor-element-bea5010 elementor-widget elementor-widget-heading\" data-id=\"bea5010\" data-element_type=\"widget\" data-widget_type=\"heading.default\">\n<div class=\"elementor-widget-container\">\n<h3 class=\"elementor-heading-title elementor-size-default\">Scripts de visionneuse<\/h3>\n<\/div>\n<\/div>\n<div class=\"elementor-element elementor-element-480824a elementor-widget elementor-widget-text-editor\" data-id=\"480824a\" data-element_type=\"widget\" data-widget_type=\"text-editor.default\">\n<div class=\"elementor-widget-container\">\n<div class=\"elementor-text-editor elementor-clearfix\">\n<p>Les scripts C# s&rsquo;ex\u00e9cutent dans l&rsquo;environnement d&rsquo;ex\u00e9cution, mais certains peuvent s&rsquo;ex\u00e9cuter dans une visionneuse. Il est donc possible de cr\u00e9er une animation unique qui se comportera diff\u00e9remment dans les diff\u00e9rentes visionneuses.<\/p>\n<p><a href=\"https:\/\/adisra.com\/wp-content\/uploads\/2020\/03\/ADISRA-SmartView-CSharp-Reference.pdf\" target=\"_blank\" rel=\"noopener\">Pour plus d&rsquo;informations.<\/a><\/p>\n<\/div>\n<\/div>\n<\/div>\n<div class=\"elementor-element elementor-element-0177d65 elementor-widget elementor-widget-heading\" data-id=\"0177d65\" data-element_type=\"widget\" data-widget_type=\"heading.default\">\n<div class=\"elementor-widget-container\">\n<h3 class=\"elementor-heading-title elementor-size-default\">Visionneuse \u00e0 distance<\/h3>\n<\/div>\n<\/div>\n<div class=\"elementor-element elementor-element-cb23090 elementor-widget elementor-widget-text-editor\" data-id=\"cb23090\" data-element_type=\"widget\" data-widget_type=\"text-editor.default\">\n<div class=\"elementor-widget-container\">\n<div class=\"elementor-text-editor elementor-clearfix\">\n<p>La visionneuse \u00e0 distance permet de cr\u00e9er une connexion distante. Elle permet donc la gestion et le contr\u00f4le de l&rsquo;application via plusieurs machines.<br><a href=\"https:\/\/adisra.com\/wp-content\/uploads\/2020\/12\/Remote-Viewer-Guide-1.2-Web.pdf\">Pour plus d&rsquo;informations.<\/a><\/p>\n<\/div>\n<\/div>\n<\/div>\n<div class=\"elementor-element elementor-element-ccb1dca elementor-widget elementor-widget-heading\" data-id=\"ccb1dca\" data-element_type=\"widget\" data-widget_type=\"heading.default\">\n<div class=\"elementor-widget-container\">\n<h3 class=\"elementor-heading-title elementor-size-default\">Client Web L\u00e9ger&nbsp;<\/h3>\n<\/div>\n<\/div>\n<div class=\"elementor-element elementor-element-122e245 elementor-widget elementor-widget-text-editor\" data-id=\"122e245\" data-element_type=\"widget\" data-widget_type=\"text-editor.default\">\n<div class=\"elementor-widget-container\">\n<div class=\"elementor-text-editor elementor-clearfix\">\n<p>Un client web l\u00e9ger est une alternative de l&rsquo;utilisation de la visionneuse \u00e0 distance pour l&rsquo;acc\u00e8s web. ADISRA SmartView propose un export simple de l&rsquo;interface enti\u00e8re au format HTML et des scripts en Javascript, ajoutant ainsi la compatibilit\u00e9 avec diff\u00e9rentes plateformes.<br><a href=\"https:\/\/adisra.com\/wp-content\/uploads\/2021\/02\/WebGuide-Web_v1.0.pdf\">Pour plus d&rsquo;informations.<\/a><\/p>\n<\/div>\n<\/div>\n<\/div>\n<div class=\"elementor-element elementor-element-24811e7 elementor-widget elementor-widget-heading\" data-id=\"24811e7\" data-element_type=\"widget\" data-widget_type=\"heading.default\">\n<div class=\"elementor-widget-container\">\n<h3 class=\"elementor-heading-title elementor-size-default\">Application mobile<\/h3>\n<\/div>\n<\/div>\n<div class=\"elementor-element elementor-element-80a0755 elementor-widget elementor-widget-text-editor\" data-id=\"80a0755\" data-element_type=\"widget\" data-widget_type=\"text-editor.default\">\n<div class=\"elementor-widget-container\">\n<div class=\"elementor-text-editor elementor-clearfix\">\n<p>ADISRA SmartView a une application mobile pour l&rsquo;acc\u00e8s web. C&rsquo;est \u00e9galement une alternative au client web l\u00e9ger. Pour plus d&rsquo;information \u00e0 propose de l&rsquo;application mobile,&nbsp;<a href=\"https:\/\/www.adisra.fr\/contact\/\">contactez-nous<\/a>.<\/p>\n<\/div>\n<\/div>\n<\/div>\n<\/div>\t\t\t\t\t\t<\/div>\n\t\t\t\t<\/div>\n\t\t<\/div><\/div>\t\t\t\t\t<\/div>\n\t\t","protected":false},"excerpt":{"rendered":"<p>Introduction Architecture Conditions Installation d\u2019ADISRA SmartView License ADISRA SmartView Interface Intuitive d\u2019Ing\u00e9nierie Script Obtenir de l&rsquo;aide Modules Ing\u00e9nierie R\u00e9sum\u00e9 d&rsquo;interface Bouton de menu Barre d&rsquo;acc\u00e8s rapide Ruban Fen\u00eatre de propri\u00e9t\u00e9s Arbre de navigation Arbre logique Affichage Recherche et rapports R\u00e9sultat de recherche Rapport d&rsquo;application Rapport de d\u00e9veloppement R\u00e9sultat de compilation \u00c9tiquettes \u00c9tiquettes syst\u00e8me \u00c9tiquettes basiques &hellip;<\/p>\n<p class=\"read-more\"> <a class=\"\" href=\"https:\/\/www.adisra.fr\/?page_id=1377\"> <span class=\"screen-reader-text\">Visionneuse<\/span> Lire la suite\u00a0\u00bb<\/a><\/p>\n","protected":false},"author":1,"featured_media":0,"parent":0,"menu_order":0,"comment_status":"closed","ping_status":"closed","template":"","meta":{"_monsterinsights_skip_tracking":false,"_monsterinsights_sitenote_active":false,"_monsterinsights_sitenote_note":"","_monsterinsights_sitenote_category":0,"site-sidebar-layout":"no-sidebar","site-content-layout":"page-builder","ast-main-header-display":"","ast-hfb-above-header-display":"","ast-hfb-below-header-display":"","ast-hfb-mobile-header-display":"","site-post-title":"disabled","ast-breadcrumbs-content":"","ast-featured-img":"disabled","footer-sml-layout":"","theme-transparent-header-meta":"default","adv-header-id-meta":"","stick-header-meta":"","header-above-stick-meta":"","header-main-stick-meta":"","header-below-stick-meta":"","footnotes":""},"class_list":["post-1377","page","type-page","status-publish","hentry"],"aioseo_notices":[],"_links":{"self":[{"href":"https:\/\/www.adisra.fr\/index.php?rest_route=\/wp\/v2\/pages\/1377","targetHints":{"allow":["GET"]}}],"collection":[{"href":"https:\/\/www.adisra.fr\/index.php?rest_route=\/wp\/v2\/pages"}],"about":[{"href":"https:\/\/www.adisra.fr\/index.php?rest_route=\/wp\/v2\/types\/page"}],"author":[{"embeddable":true,"href":"https:\/\/www.adisra.fr\/index.php?rest_route=\/wp\/v2\/users\/1"}],"replies":[{"embeddable":true,"href":"https:\/\/www.adisra.fr\/index.php?rest_route=%2Fwp%2Fv2%2Fcomments&post=1377"}],"version-history":[{"count":8,"href":"https:\/\/www.adisra.fr\/index.php?rest_route=\/wp\/v2\/pages\/1377\/revisions"}],"predecessor-version":[{"id":8444,"href":"https:\/\/www.adisra.fr\/index.php?rest_route=\/wp\/v2\/pages\/1377\/revisions\/8444"}],"wp:attachment":[{"href":"https:\/\/www.adisra.fr\/index.php?rest_route=%2Fwp%2Fv2%2Fmedia&parent=1377"}],"curies":[{"name":"wp","href":"https:\/\/api.w.org\/{rel}","templated":true}]}}