{"id":1365,"date":"2021-06-07T17:31:43","date_gmt":"2021-06-07T15:31:43","guid":{"rendered":"http:\/\/adisrav.cluster028.hosting.ovh.net\/?page_id=1365"},"modified":"2022-06-23T17:33:41","modified_gmt":"2022-06-23T15:33:41","slug":"interface-intuitive-dingenierie","status":"publish","type":"page","link":"https:\/\/www.adisra.fr\/?page_id=1365","title":{"rendered":"Interface Intuitive d&rsquo;Ing\u00e9nierie"},"content":{"rendered":"\t\t<div data-elementor-type=\"wp-page\" data-elementor-id=\"1365\" class=\"elementor elementor-1365\">\n\t\t\t\t\t\t\t\t\t<section class=\"elementor-section elementor-top-section elementor-element elementor-element-2e69cb1e elementor-section-boxed elementor-section-height-default elementor-section-height-default\" data-id=\"2e69cb1e\" data-element_type=\"section\">\n\t\t\t\t\t\t<div class=\"elementor-container elementor-column-gap-default\">\n\t\t\t\t\t<div class=\"elementor-column elementor-col-50 elementor-top-column elementor-element elementor-element-2ea655e4\" data-id=\"2ea655e4\" data-element_type=\"column\">\n\t\t\t<div class=\"elementor-widget-wrap elementor-element-populated\">\n\t\t\t\t\t\t\t\t<div class=\"elementor-element elementor-element-3d7583a4 elementor-widget elementor-widget-eael-simple-menu\" data-id=\"3d7583a4\" data-element_type=\"widget\" data-widget_type=\"eael-simple-menu.default\">\n\t\t\t\t<div class=\"elementor-widget-container\">\n\t\t\t<div data-hamburger-icon=\"&lt;i aria-hidden=&quot;true&quot; class=&quot;fas fa-bars&quot;&gt;&lt;\/i&gt;\" data-indicator-class=\"fas fa-angle-down\" data-dropdown-indicator-class=\"fas fa-angle-down\" class=\"eael-simple-menu-container eael-simple-menu-align-left eael-simple-menu-dropdown-align-left preset-1\" data-hamburger-breakpoints=\"{&quot;mobile&quot;:&quot;Mobile (&gt; 767px)&quot;,&quot;tablet&quot;:&quot;Tablette (&gt; 1024px)&quot;,&quot;none&quot;:&quot;None&quot;}\" data-hamburger-device=\"tablet\"><ul id=\"menu-obtenir-de-laide\" class=\"eael-simple-menu eael-simple-menu-dropdown-animate-to-top eael-simple-menu-indicator eael-simple-menu-vertical\"><li id=\"menu-item-1914\" class=\"menu-item menu-item-type-post_type menu-item-object-page menu-item-has-children menu-item-1914\"><a href=\"https:\/\/www.adisra.fr\/?page_id=1319\" class=\"menu-link\">Introduction<\/a>\n<ul class=\"sub-menu\">\n\t<li id=\"menu-item-1400\" class=\"menu-item menu-item-type-post_type menu-item-object-page menu-item-1400\"><a href=\"https:\/\/www.adisra.fr\/?page_id=1350\" class=\"menu-link\">Architecture<\/a><\/li>\n\t<li id=\"menu-item-1401\" class=\"menu-item menu-item-type-post_type menu-item-object-page menu-item-1401\"><a href=\"https:\/\/www.adisra.fr\/?page_id=1352\" class=\"menu-link\">Conditions<\/a><\/li>\n\t<li id=\"menu-item-1402\" class=\"menu-item menu-item-type-post_type menu-item-object-page menu-item-1402\"><a href=\"https:\/\/www.adisra.fr\/?page_id=1361\" class=\"menu-link\">Installation d\u2019ADISRA SmartView<\/a><\/li>\n\t<li id=\"menu-item-1404\" class=\"menu-item menu-item-type-post_type menu-item-object-page menu-item-1404\"><a href=\"https:\/\/www.adisra.fr\/?page_id=1363\" class=\"menu-link\">License ADISRA SmartView<\/a><\/li>\n\t<li id=\"menu-item-1403\" class=\"menu-item menu-item-type-post_type menu-item-object-page menu-item-1403\"><a href=\"https:\/\/www.adisra.fr\/?page_id=1365\" class=\"menu-link\">Interface Intuitive d\u2019Ing\u00e9nierie<\/a><\/li>\n\t<li id=\"menu-item-1406\" class=\"menu-item menu-item-type-post_type menu-item-object-page menu-item-1406\"><a href=\"https:\/\/www.adisra.fr\/?page_id=1367\" class=\"menu-link\">Script<\/a><\/li>\n\t<li id=\"menu-item-1876\" class=\"menu-item menu-item-type-post_type menu-item-object-page menu-item-1876\"><a href=\"https:\/\/www.adisra.fr\/?page_id=1863\" class=\"menu-link\">Obtenir de l&rsquo;aide<\/a><\/li>\n<\/ul>\n<\/li>\n<li id=\"menu-item-1396\" class=\"menu-item menu-item-type-post_type menu-item-object-page menu-item-has-children menu-item-1396\"><a href=\"https:\/\/www.adisra.fr\/?page_id=1371\" class=\"menu-link\">Modules<\/a>\n<ul class=\"sub-menu\">\n\t<li id=\"menu-item-1408\" class=\"menu-item menu-item-type-post_type menu-item-object-page menu-item-1408\"><a href=\"https:\/\/www.adisra.fr\/?page_id=1373\" class=\"menu-link\">Ing\u00e9nierie<\/a><\/li>\n\t<li id=\"menu-item-1409\" class=\"menu-item menu-item-type-post_type menu-item-object-page menu-item-1409\"><a href=\"https:\/\/www.adisra.fr\/?page_id=1375\" class=\"menu-link\">Ex\u00e9cution<\/a><\/li>\n\t<li id=\"menu-item-1410\" class=\"menu-item menu-item-type-post_type menu-item-object-page menu-item-1410\"><a href=\"https:\/\/www.adisra.fr\/?page_id=1377\" class=\"menu-link\">Visionneuse<\/a><\/li>\n<\/ul>\n<\/li>\n<li id=\"menu-item-1395\" class=\"menu-item menu-item-type-post_type menu-item-object-page menu-item-has-children menu-item-1395\"><a href=\"https:\/\/www.adisra.fr\/?page_id=1379\" class=\"menu-link\">Hot Topics<\/a>\n<ul class=\"sub-menu\">\n\t<li id=\"menu-item-1411\" class=\"menu-item menu-item-type-post_type menu-item-object-page menu-item-1411\"><a href=\"https:\/\/www.adisra.fr\/?page_id=1381\" class=\"menu-link\">Base de donn\u00e9es<\/a><\/li>\n<\/ul>\n<\/li>\n<\/ul><\/div>\t\t<\/div>\n\t\t\t\t<\/div>\n\t\t\t\t\t<\/div>\n\t\t<\/div>\n\t\t\t\t<div class=\"elementor-column elementor-col-50 elementor-top-column elementor-element elementor-element-3ec1e6fc\" data-id=\"3ec1e6fc\" data-element_type=\"column\">\n\t\t\t<div class=\"elementor-widget-wrap elementor-element-populated\">\n\t\t\t\t\t\t\t\t<div class=\"elementor-element elementor-element-19675a08 elementor-widget elementor-widget-heading\" data-id=\"19675a08\" data-element_type=\"widget\" data-widget_type=\"heading.default\">\n\t\t\t\t<div class=\"elementor-widget-container\">\n\t\t\t<h1 class=\"elementor-heading-title elementor-size-default\">Se familiariser avec l'environnement d'ing\u00e9nierie ADISRA SmartView<\/h1>\t\t<\/div>\n\t\t\t\t<\/div>\n\t\t\t\t<div class=\"elementor-element elementor-element-6f89d6be elementor-widget elementor-widget-text-editor\" data-id=\"6f89d6be\" data-element_type=\"widget\" data-widget_type=\"text-editor.default\">\n\t\t\t\t<div class=\"elementor-widget-container\">\n\t\t\t\t\t\t\t<p>L&rsquo;environnement d&rsquo;ing\u00e9nierie d&rsquo;ADISRA SmartView est une interface Windows\u00ae conviviale, bas\u00e9e sur un ruban, dot\u00e9e de nombreuses fonctionnalit\u00e9s. Il est facilement reconnu par les programmeurs informatiques et conserve les caract\u00e9ristiques et les fonctionnalit\u00e9s de l&rsquo;automatisation industrielle, le tout dans une seule fen\u00eatre. L&rsquo;environnement d&rsquo;ing\u00e9nierie est l&rsquo;outil o\u00f9 l&rsquo;utilisateur peut configurer ADISRA SmartView et commencer imm\u00e9diatement \u00e0 travailler sur un projet.<\/p><p>La premi\u00e8re fois que ADISRA SmartView est ex\u00e9cut\u00e9, l&rsquo;environnement d&rsquo;ing\u00e9nierie t\u00e9l\u00e9charge une d\u00e9mo. Cliquez ci-dessous pour en savoir plus sur chaque partie de l&rsquo;environnement d&rsquo;ing\u00e9nierie.<\/p><p>L&rsquo;interface se compose de plusieurs zones fonctionnelles, comme indiqu\u00e9 dans l&rsquo;image ci-dessous.<\/p>\t\t\t\t\t\t<\/div>\n\t\t\t\t<\/div>\n\t\t\t\t<div class=\"elementor-element elementor-element-4f62a121 elementor-widget elementor-widget-image\" data-id=\"4f62a121\" data-element_type=\"widget\" data-widget_type=\"image.default\">\n\t\t\t\t<div class=\"elementor-widget-container\">\n\t\t\t\t\t\t\t\t\t\t\t\t\t\t\t<img loading=\"lazy\" decoding=\"async\" width=\"1024\" height=\"773\" src=\"https:\/\/www.adisra.fr\/wp-content\/uploads\/2021\/06\/TheEnviromentb456-1024x773-1.png\" class=\"attachment-large size-large\" alt=\"\" srcset=\"https:\/\/www.adisra.fr\/wp-content\/uploads\/2021\/06\/TheEnviromentb456-1024x773-1.png 1024w, https:\/\/www.adisra.fr\/wp-content\/uploads\/2021\/06\/TheEnviromentb456-1024x773-1-300x226.png 300w, https:\/\/www.adisra.fr\/wp-content\/uploads\/2021\/06\/TheEnviromentb456-1024x773-1-768x580.png 768w\" sizes=\"auto, (max-width: 1024px) 100vw, 1024px\" \/>\t\t\t\t\t\t\t\t\t\t\t\t\t\t\t<\/div>\n\t\t\t\t<\/div>\n\t\t\t\t<div class=\"elementor-element elementor-element-584556e elementor-widget elementor-widget-text-editor\" data-id=\"584556e\" data-element_type=\"widget\" data-widget_type=\"text-editor.default\">\n\t\t\t\t<div class=\"elementor-widget-container\">\n\t\t\t\t\t\t\t<p>Passons en revue chacune des zones de l&rsquo;interface et comprenons comment elles peuvent interagir avec l&rsquo;utilisateur, rendant l&rsquo;interface intuitive et fonctionnelle.<\/p>\t\t\t\t\t\t<\/div>\n\t\t\t\t<\/div>\n\t\t\t\t<div class=\"elementor-element elementor-element-5cda8aa9 elementor-widget elementor-widget-heading\" data-id=\"5cda8aa9\" data-element_type=\"widget\" data-widget_type=\"heading.default\">\n\t\t\t\t<div class=\"elementor-widget-container\">\n\t\t\t<h5 class=\"elementor-heading-title elementor-size-default\">Bouton menu<\/h5>\t\t<\/div>\n\t\t\t\t<\/div>\n\t\t\t\t<div class=\"elementor-element elementor-element-c7b2a50 elementor-widget elementor-widget-text-editor\" data-id=\"c7b2a50\" data-element_type=\"widget\" data-widget_type=\"text-editor.default\">\n\t\t\t\t<div class=\"elementor-widget-container\">\n\t\t\t\t\t\t\t<p>Le bouton Menu apporte des options pour ouvrir, cr\u00e9er, enregistrer et quitter l&rsquo;application.<\/p>\t\t\t\t\t\t<\/div>\n\t\t\t\t<\/div>\n\t\t\t\t<div class=\"elementor-element elementor-element-4c555d19 elementor-widget elementor-widget-heading\" data-id=\"4c555d19\" data-element_type=\"widget\" data-widget_type=\"heading.default\">\n\t\t\t\t<div class=\"elementor-widget-container\">\n\t\t\t<h5 class=\"elementor-heading-title elementor-size-default\">Barre d'acc\u00e8s rapide<\/h5>\t\t<\/div>\n\t\t\t\t<\/div>\n\t\t\t\t<div class=\"elementor-element elementor-element-5cefea3 elementor-widget elementor-widget-text-editor\" data-id=\"5cefea3\" data-element_type=\"widget\" data-widget_type=\"text-editor.default\">\n\t\t\t\t<div class=\"elementor-widget-container\">\n\t\t\t\t\t\t\t<p>La barre d&rsquo;outils d&rsquo;acc\u00e8s rapide fournit des actions utiles et courantes telles que l&rsquo;enregistrement, l&rsquo;annulation, la restauration, l&rsquo;observateur de donn\u00e9es, l&rsquo;aide, \u00e0 propos de et la gestion de l&rsquo;\u00e9tat des applications.<\/p>\t\t\t\t\t\t<\/div>\n\t\t\t\t<\/div>\n\t\t\t\t<div class=\"elementor-element elementor-element-330a43e7 elementor-widget elementor-widget-heading\" data-id=\"330a43e7\" data-element_type=\"widget\" data-widget_type=\"heading.default\">\n\t\t\t\t<div class=\"elementor-widget-container\">\n\t\t\t<h5 class=\"elementor-heading-title elementor-size-default\">Ruban<\/h5>\t\t<\/div>\n\t\t\t\t<\/div>\n\t\t\t\t<div class=\"elementor-element elementor-element-ce5d70d elementor-widget elementor-widget-text-editor\" data-id=\"ce5d70d\" data-element_type=\"widget\" data-widget_type=\"text-editor.default\">\n\t\t\t\t<div class=\"elementor-widget-container\">\n\t\t\t\t\t\t\t<p>Le Ruban contient le menu principal de l&rsquo;application et il est con\u00e7u pour \u00eatre intuitif pour l&rsquo;utilisateur non seulement parce qu&rsquo;il concentre la configuration globale mais parce qu&rsquo;il est \u00e9galement modifiable en fonction du contexte s\u00e9lectionn\u00e9. De nouveaux onglets sont ajout\u00e9s et supprim\u00e9s dynamiquement lorsque de nouveaux documents sont ouverts. Cette fonctionnalit\u00e9 rend explicite \u00e0 l&rsquo;utilisateur ce qui est disponible pour le document s\u00e9lectionn\u00e9.<\/p>\t\t\t\t\t\t<\/div>\n\t\t\t\t<\/div>\n\t\t\t\t<div class=\"elementor-element elementor-element-14f42a6 elementor-widget elementor-widget-heading\" data-id=\"14f42a6\" data-element_type=\"widget\" data-widget_type=\"heading.default\">\n\t\t\t\t<div class=\"elementor-widget-container\">\n\t\t\t<h5 class=\"elementor-heading-title elementor-size-default\">Arbre de navigation \/ Arbre logique<\/h5>\t\t<\/div>\n\t\t\t\t<\/div>\n\t\t\t\t<div class=\"elementor-element elementor-element-5694f60 elementor-widget elementor-widget-text-editor\" data-id=\"5694f60\" data-element_type=\"widget\" data-widget_type=\"text-editor.default\">\n\t\t\t\t<div class=\"elementor-widget-container\">\n\t\t\t\t\t\t\t<p>Les deux arborescences montrent tous les documents du projet, que ce soit ses graphiques, ses communications, ses logiques, etc\u2026 L&rsquo;arborescence logique permet de rechercher un objet sp\u00e9cifique par nom ou par type.<\/p>\t\t\t\t\t\t<\/div>\n\t\t\t\t<\/div>\n\t\t\t\t<div class=\"elementor-element elementor-element-117f395 elementor-widget elementor-widget-heading\" data-id=\"117f395\" data-element_type=\"widget\" data-widget_type=\"heading.default\">\n\t\t\t\t<div class=\"elementor-widget-container\">\n\t\t\t<h5 class=\"elementor-heading-title elementor-size-default\">Fen\u00eatre des propri\u00e9tes<\/h5>\t\t<\/div>\n\t\t\t\t<\/div>\n\t\t\t\t<div class=\"elementor-element elementor-element-cb3009e elementor-widget elementor-widget-text-editor\" data-id=\"cb3009e\" data-element_type=\"widget\" data-widget_type=\"text-editor.default\">\n\t\t\t\t<div class=\"elementor-widget-container\">\n\t\t\t\t\t\t\t<p>La fen\u00eatre de propri\u00e9t\u00e9s, de la m\u00eame mani\u00e8re que le ruban, a \u00e9t\u00e9 con\u00e7ue pour \u00eatre intuitive pour l&rsquo;utilisateur. Il montre \u00e9galement toutes les propri\u00e9t\u00e9s disponibles pour \u00eatre configur\u00e9es pour le contexte s\u00e9lectionn\u00e9. Lorsqu&rsquo;un tag est s\u00e9lectionn\u00e9, il affiche toutes les propri\u00e9t\u00e9s du tag de la m\u00eame mani\u00e8re lorsqu&rsquo;un bouton est s\u00e9lectionn\u00e9, il affiche toutes les propri\u00e9t\u00e9s disponibles. Il a \u00e9galement un acc\u00e8s rapide au contexte s\u00e9lectionn\u00e9 du document d&rsquo;aide ADISRA SmartView. Toutes les modifications apport\u00e9es \u00e0 la fen\u00eatre de propri\u00e9t\u00e9s sont instantan\u00e9ment refl\u00e9t\u00e9es dans la zone visible des graphiques au cas o\u00f9 l&rsquo;utilisateur configurerait un bouton ou un objet.<\/p>\t\t\t\t\t\t<\/div>\n\t\t\t\t<\/div>\n\t\t\t\t<div class=\"elementor-element elementor-element-c932693 elementor-widget elementor-widget-heading\" data-id=\"c932693\" data-element_type=\"widget\" data-widget_type=\"heading.default\">\n\t\t\t\t<div class=\"elementor-widget-container\">\n\t\t\t<h5 class=\"elementor-heading-title elementor-size-default\">Sorties<\/h5>\t\t<\/div>\n\t\t\t\t<\/div>\n\t\t\t\t<div class=\"elementor-element elementor-element-6e9a2a0 elementor-widget elementor-widget-text-editor\" data-id=\"6e9a2a0\" data-element_type=\"widget\" data-widget_type=\"text-editor.default\">\n\t\t\t\t<div class=\"elementor-widget-container\">\n\t\t\t\t\t\t\t<p>Les sorties incluent les journaux d&rsquo;ing\u00e9nierie et d&rsquo;ex\u00e9cution ainsi que la sortie de recherche. Il s&rsquo;agit d&rsquo;une fonctionnalit\u00e9 importante lors du d\u00e9veloppement de l&rsquo;application, car elle affichera les erreurs d\u00e9tect\u00e9es lors du d\u00e9veloppement et de l&rsquo;ex\u00e9cution. Le r\u00e9sultat de la recherche affichera l&#8217;emplacement d&rsquo;une balise et permet de double-cliquer dessus pour ouvrir l&#8217;emplacement.<\/p>\t\t\t\t\t\t<\/div>\n\t\t\t\t<\/div>\n\t\t\t\t\t<\/div>\n\t\t<\/div>\n\t\t\t\t\t\t\t<\/div>\n\t\t<\/section>\n\t\t\t\t\t\t\t<\/div>\n\t\t","protected":false},"excerpt":{"rendered":"<p>Introduction Architecture Conditions Installation d\u2019ADISRA SmartView License ADISRA SmartView Interface Intuitive d\u2019Ing\u00e9nierie Script Obtenir de l&rsquo;aide Modules Ing\u00e9nierie Dur\u00e9e Viewer Sujets d\u2019Actualit\u00e9s Base de donn\u00e9es Documentation MultiTagViewer Remote Viewer S\u00e9curit\u00e9 Biblioth\u00e8que de Fonctions Syst\u00e8me Web ADISRA SmartView .NET Framework 4.8 Se familiariser avec l&rsquo;environnement d&rsquo;ing\u00e9nierie ADISRA SmartView L&rsquo;environnement d&rsquo;ing\u00e9nierie d&rsquo;ADISRA SmartView est une interface Windows\u00ae &hellip;<\/p>\n<p class=\"read-more\"> <a class=\"\" href=\"https:\/\/www.adisra.fr\/?page_id=1365\"> <span class=\"screen-reader-text\">Interface Intuitive d&rsquo;Ing\u00e9nierie<\/span> Lire la suite\u00a0\u00bb<\/a><\/p>\n","protected":false},"author":1,"featured_media":0,"parent":0,"menu_order":0,"comment_status":"closed","ping_status":"closed","template":"","meta":{"_monsterinsights_skip_tracking":false,"_monsterinsights_sitenote_active":false,"_monsterinsights_sitenote_note":"","_monsterinsights_sitenote_category":0,"site-sidebar-layout":"no-sidebar","site-content-layout":"page-builder","ast-main-header-display":"","ast-hfb-above-header-display":"","ast-hfb-below-header-display":"","ast-hfb-mobile-header-display":"","site-post-title":"disabled","ast-breadcrumbs-content":"","ast-featured-img":"disabled","footer-sml-layout":"","theme-transparent-header-meta":"default","adv-header-id-meta":"","stick-header-meta":"","header-above-stick-meta":"","header-main-stick-meta":"","header-below-stick-meta":"","footnotes":""},"class_list":["post-1365","page","type-page","status-publish","hentry"],"aioseo_notices":[],"_links":{"self":[{"href":"https:\/\/www.adisra.fr\/index.php?rest_route=\/wp\/v2\/pages\/1365","targetHints":{"allow":["GET"]}}],"collection":[{"href":"https:\/\/www.adisra.fr\/index.php?rest_route=\/wp\/v2\/pages"}],"about":[{"href":"https:\/\/www.adisra.fr\/index.php?rest_route=\/wp\/v2\/types\/page"}],"author":[{"embeddable":true,"href":"https:\/\/www.adisra.fr\/index.php?rest_route=\/wp\/v2\/users\/1"}],"replies":[{"embeddable":true,"href":"https:\/\/www.adisra.fr\/index.php?rest_route=%2Fwp%2Fv2%2Fcomments&post=1365"}],"version-history":[{"count":10,"href":"https:\/\/www.adisra.fr\/index.php?rest_route=\/wp\/v2\/pages\/1365\/revisions"}],"predecessor-version":[{"id":7526,"href":"https:\/\/www.adisra.fr\/index.php?rest_route=\/wp\/v2\/pages\/1365\/revisions\/7526"}],"wp:attachment":[{"href":"https:\/\/www.adisra.fr\/index.php?rest_route=%2Fwp%2Fv2%2Fmedia&parent=1365"}],"curies":[{"name":"wp","href":"https:\/\/api.w.org\/{rel}","templated":true}]}}