{"id":1361,"date":"2021-06-07T17:30:32","date_gmt":"2021-06-07T15:30:32","guid":{"rendered":"http:\/\/adisrav.cluster028.hosting.ovh.net\/?page_id=1361"},"modified":"2022-06-23T17:31:08","modified_gmt":"2022-06-23T15:31:08","slug":"installation-dadisra-smartview","status":"publish","type":"page","link":"https:\/\/www.adisra.fr\/?page_id=1361","title":{"rendered":"Installation d&rsquo;ADISRA SmartView"},"content":{"rendered":"\t\t<div data-elementor-type=\"wp-page\" data-elementor-id=\"1361\" class=\"elementor elementor-1361\">\n\t\t\t\t\t\t\t\t\t<section class=\"elementor-section elementor-top-section elementor-element elementor-element-5b979b64 elementor-section-boxed elementor-section-height-default elementor-section-height-default\" data-id=\"5b979b64\" data-element_type=\"section\">\n\t\t\t\t\t\t<div class=\"elementor-container elementor-column-gap-default\">\n\t\t\t\t\t<div class=\"elementor-column elementor-col-50 elementor-top-column elementor-element elementor-element-6b38afc9\" data-id=\"6b38afc9\" data-element_type=\"column\">\n\t\t\t<div class=\"elementor-widget-wrap elementor-element-populated\">\n\t\t\t\t\t\t\t\t<div class=\"elementor-element elementor-element-4e6cc13f elementor-widget elementor-widget-eael-simple-menu\" data-id=\"4e6cc13f\" data-element_type=\"widget\" data-widget_type=\"eael-simple-menu.default\">\n\t\t\t\t<div class=\"elementor-widget-container\">\n\t\t\t<div data-hamburger-icon=\"&lt;i aria-hidden=&quot;true&quot; class=&quot;fas fa-bars&quot;&gt;&lt;\/i&gt;\" data-indicator-class=\"fas fa-angle-down\" data-dropdown-indicator-class=\"fas fa-angle-down\" class=\"eael-simple-menu-container eael-simple-menu-align-left eael-simple-menu-dropdown-align-left preset-1\" data-hamburger-breakpoints=\"{&quot;mobile&quot;:&quot;Mobile (&gt; 767px)&quot;,&quot;tablet&quot;:&quot;Tablette (&gt; 1024px)&quot;,&quot;none&quot;:&quot;None&quot;}\" data-hamburger-device=\"tablet\"><ul id=\"menu-obtenir-de-laide\" class=\"eael-simple-menu eael-simple-menu-dropdown-animate-to-top eael-simple-menu-indicator eael-simple-menu-vertical\"><li id=\"menu-item-1914\" class=\"menu-item menu-item-type-post_type menu-item-object-page menu-item-has-children menu-item-1914\"><a href=\"https:\/\/www.adisra.fr\/?page_id=1319\" class=\"menu-link\">Introduction<\/a>\n<ul class=\"sub-menu\">\n\t<li id=\"menu-item-1400\" class=\"menu-item menu-item-type-post_type menu-item-object-page menu-item-1400\"><a href=\"https:\/\/www.adisra.fr\/?page_id=1350\" class=\"menu-link\">Architecture<\/a><\/li>\n\t<li id=\"menu-item-1401\" class=\"menu-item menu-item-type-post_type menu-item-object-page menu-item-1401\"><a href=\"https:\/\/www.adisra.fr\/?page_id=1352\" class=\"menu-link\">Conditions<\/a><\/li>\n\t<li id=\"menu-item-1402\" class=\"menu-item menu-item-type-post_type menu-item-object-page menu-item-1402\"><a href=\"https:\/\/www.adisra.fr\/?page_id=1361\" class=\"menu-link\">Installation d\u2019ADISRA SmartView<\/a><\/li>\n\t<li id=\"menu-item-1404\" class=\"menu-item menu-item-type-post_type menu-item-object-page menu-item-1404\"><a href=\"https:\/\/www.adisra.fr\/?page_id=1363\" class=\"menu-link\">License ADISRA SmartView<\/a><\/li>\n\t<li id=\"menu-item-1403\" class=\"menu-item menu-item-type-post_type menu-item-object-page menu-item-1403\"><a href=\"https:\/\/www.adisra.fr\/?page_id=1365\" class=\"menu-link\">Interface Intuitive d\u2019Ing\u00e9nierie<\/a><\/li>\n\t<li id=\"menu-item-1406\" class=\"menu-item menu-item-type-post_type menu-item-object-page menu-item-1406\"><a href=\"https:\/\/www.adisra.fr\/?page_id=1367\" class=\"menu-link\">Script<\/a><\/li>\n\t<li id=\"menu-item-1876\" class=\"menu-item menu-item-type-post_type menu-item-object-page menu-item-1876\"><a href=\"https:\/\/www.adisra.fr\/?page_id=1863\" class=\"menu-link\">Obtenir de l&rsquo;aide<\/a><\/li>\n<\/ul>\n<\/li>\n<li id=\"menu-item-1396\" class=\"menu-item menu-item-type-post_type menu-item-object-page menu-item-has-children menu-item-1396\"><a href=\"https:\/\/www.adisra.fr\/?page_id=1371\" class=\"menu-link\">Modules<\/a>\n<ul class=\"sub-menu\">\n\t<li id=\"menu-item-1408\" class=\"menu-item menu-item-type-post_type menu-item-object-page menu-item-1408\"><a href=\"https:\/\/www.adisra.fr\/?page_id=1373\" class=\"menu-link\">Ing\u00e9nierie<\/a><\/li>\n\t<li id=\"menu-item-1409\" class=\"menu-item menu-item-type-post_type menu-item-object-page menu-item-1409\"><a href=\"https:\/\/www.adisra.fr\/?page_id=1375\" class=\"menu-link\">Ex\u00e9cution<\/a><\/li>\n\t<li id=\"menu-item-1410\" class=\"menu-item menu-item-type-post_type menu-item-object-page menu-item-1410\"><a href=\"https:\/\/www.adisra.fr\/?page_id=1377\" class=\"menu-link\">Visionneuse<\/a><\/li>\n<\/ul>\n<\/li>\n<li id=\"menu-item-1395\" class=\"menu-item menu-item-type-post_type menu-item-object-page menu-item-has-children menu-item-1395\"><a href=\"https:\/\/www.adisra.fr\/?page_id=1379\" class=\"menu-link\">Hot Topics<\/a>\n<ul class=\"sub-menu\">\n\t<li id=\"menu-item-1411\" class=\"menu-item menu-item-type-post_type menu-item-object-page menu-item-1411\"><a href=\"https:\/\/www.adisra.fr\/?page_id=1381\" class=\"menu-link\">Base de donn\u00e9es<\/a><\/li>\n<\/ul>\n<\/li>\n<\/ul><\/div>\t\t<\/div>\n\t\t\t\t<\/div>\n\t\t\t\t\t<\/div>\n\t\t<\/div>\n\t\t\t\t<div class=\"elementor-column elementor-col-50 elementor-top-column elementor-element elementor-element-2a489a6e\" data-id=\"2a489a6e\" data-element_type=\"column\">\n\t\t\t<div class=\"elementor-widget-wrap elementor-element-populated\">\n\t\t\t\t\t\t\t\t<div class=\"elementor-element elementor-element-7627c7df elementor-widget elementor-widget-heading\" data-id=\"7627c7df\" data-element_type=\"widget\" data-widget_type=\"heading.default\">\n\t\t\t\t<div class=\"elementor-widget-container\">\n\t\t\t<h1 class=\"elementor-heading-title elementor-size-default\">Installer ADISRA SmartView 4.0<\/h1>\t\t<\/div>\n\t\t\t\t<\/div>\n\t\t\t\t<div class=\"elementor-element elementor-element-7f45bf71 elementor-widget elementor-widget-text-editor\" data-id=\"7f45bf71\" data-element_type=\"widget\" data-widget_type=\"text-editor.default\">\n\t\t\t\t<div class=\"elementor-widget-container\">\n\t\t\t\t\t\t\t<p><strong>Pour installer ADISRA SmartView, merci de suivre les \u00e9tapes suivantes<\/strong><\/p><p>1. Ex\u00e9cutez ADISRA SmartView.exe en tant qu&rsquo;administrateur. Faites un clic droit sur \u00ab\u00a0ADISRA SmartView.exe\u00a0\u00bb et s\u00e9lectionnez \u00ab\u00a0Ex\u00e9cuter en tant qu&rsquo;administrateur\u00a0\u00bb dans le menu d\u00e9roulant.<\/p>\t\t\t\t\t\t<\/div>\n\t\t\t\t<\/div>\n\t\t\t\t<div class=\"elementor-element elementor-element-2b0a794d elementor-widget elementor-widget-image\" data-id=\"2b0a794d\" data-element_type=\"widget\" data-widget_type=\"image.default\">\n\t\t\t\t<div class=\"elementor-widget-container\">\n\t\t\t\t\t\t\t\t\t\t\t\t\t\t\t<img loading=\"lazy\" decoding=\"async\" width=\"470\" height=\"332\" src=\"https:\/\/www.adisra.fr\/wp-content\/uploads\/2021\/06\/installer.png\" class=\"attachment-large size-large\" alt=\"\" srcset=\"https:\/\/www.adisra.fr\/wp-content\/uploads\/2021\/06\/installer.png 470w, https:\/\/www.adisra.fr\/wp-content\/uploads\/2021\/06\/installer-300x212.png 300w\" sizes=\"auto, (max-width: 470px) 100vw, 470px\" \/>\t\t\t\t\t\t\t\t\t\t\t\t\t\t\t<\/div>\n\t\t\t\t<\/div>\n\t\t\t\t<div class=\"elementor-element elementor-element-472f4f1 elementor-widget elementor-widget-text-editor\" data-id=\"472f4f1\" data-element_type=\"widget\" data-widget_type=\"text-editor.default\">\n\t\t\t\t<div class=\"elementor-widget-container\">\n\t\t\t\t\t\t\t<p>2. S&rsquo;il s&rsquo;agit de la premi\u00e8re installation d&rsquo;ADISRA SmartView, une nouvelle fen\u00eatre s&rsquo;ouvrira pour vous informer que certains composants seront install\u00e9s. Cliquez sur Installer. Pour l&rsquo;installation des composants, acceptez les conditions d&rsquo;installation et suivez les instructions d&rsquo;installation sur chaque \u00e9cran.<\/p>\t\t\t\t\t\t<\/div>\n\t\t\t\t<\/div>\n\t\t\t\t<div class=\"elementor-element elementor-element-86ebe0b elementor-widget elementor-widget-image\" data-id=\"86ebe0b\" data-element_type=\"widget\" data-widget_type=\"image.default\">\n\t\t\t\t<div class=\"elementor-widget-container\">\n\t\t\t\t\t\t\t\t\t\t\t\t\t\t\t<img loading=\"lazy\" decoding=\"async\" width=\"436\" height=\"245\" src=\"https:\/\/www.adisra.fr\/wp-content\/uploads\/2021\/06\/installingb2.png\" class=\"attachment-large size-large\" alt=\"\" srcset=\"https:\/\/www.adisra.fr\/wp-content\/uploads\/2021\/06\/installingb2.png 436w, https:\/\/www.adisra.fr\/wp-content\/uploads\/2021\/06\/installingb2-300x169.png 300w\" sizes=\"auto, (max-width: 436px) 100vw, 436px\" \/>\t\t\t\t\t\t\t\t\t\t\t\t\t\t\t<\/div>\n\t\t\t\t<\/div>\n\t\t\t\t<div class=\"elementor-element elementor-element-ce1fc2e elementor-widget elementor-widget-text-editor\" data-id=\"ce1fc2e\" data-element_type=\"widget\" data-widget_type=\"text-editor.default\">\n\t\t\t\t<div class=\"elementor-widget-container\">\n\t\t\t\t\t\t\t<p>3. Une fois les composants install\u00e9s, l&rsquo;installation du programme ADISRA SmartView commencera. Cliquez sur Suivant, puis sur Accepter les conditions d&rsquo;installation et suivez les instructions d&rsquo;installation.<\/p>\t\t\t\t\t\t<\/div>\n\t\t\t\t<\/div>\n\t\t\t\t<div class=\"elementor-element elementor-element-3c3f28a elementor-widget elementor-widget-image\" data-id=\"3c3f28a\" data-element_type=\"widget\" data-widget_type=\"image.default\">\n\t\t\t\t<div class=\"elementor-widget-container\">\n\t\t\t\t\t\t\t\t\t\t\t\t\t\t\t<img loading=\"lazy\" decoding=\"async\" width=\"495\" height=\"387\" src=\"https:\/\/www.adisra.fr\/wp-content\/uploads\/2021\/06\/installingb11.png\" class=\"attachment-large size-large\" alt=\"\" srcset=\"https:\/\/www.adisra.fr\/wp-content\/uploads\/2021\/06\/installingb11.png 495w, https:\/\/www.adisra.fr\/wp-content\/uploads\/2021\/06\/installingb11-300x235.png 300w\" sizes=\"auto, (max-width: 495px) 100vw, 495px\" \/>\t\t\t\t\t\t\t\t\t\t\t\t\t\t\t<\/div>\n\t\t\t\t<\/div>\n\t\t\t\t<div class=\"elementor-element elementor-element-3833dd4 elementor-widget elementor-widget-image\" data-id=\"3833dd4\" data-element_type=\"widget\" data-widget_type=\"image.default\">\n\t\t\t\t<div class=\"elementor-widget-container\">\n\t\t\t\t\t\t\t\t\t\t\t\t\t\t\t<img loading=\"lazy\" decoding=\"async\" width=\"495\" height=\"387\" src=\"https:\/\/www.adisra.fr\/wp-content\/uploads\/2021\/06\/installingb12.png\" class=\"attachment-large size-large\" alt=\"\" srcset=\"https:\/\/www.adisra.fr\/wp-content\/uploads\/2021\/06\/installingb12.png 495w, https:\/\/www.adisra.fr\/wp-content\/uploads\/2021\/06\/installingb12-300x235.png 300w\" sizes=\"auto, (max-width: 495px) 100vw, 495px\" \/>\t\t\t\t\t\t\t\t\t\t\t\t\t\t\t<\/div>\n\t\t\t\t<\/div>\n\t\t\t\t<div class=\"elementor-element elementor-element-aac9ccf elementor-widget elementor-widget-text-editor\" data-id=\"aac9ccf\" data-element_type=\"widget\" data-widget_type=\"text-editor.default\">\n\t\t\t\t<div class=\"elementor-widget-container\">\n\t\t\t\t\t\t\t<p>Apr\u00e8s avoir lu l&rsquo;int\u00e9gralit\u00e9 du contrat, cochez la case \u00ab J&rsquo;accepte les termes du contrat de licence \u00bb et cliquez sur Suivant.<\/p><p>4. Lorsque vous y \u00eates invit\u00e9, vous devez d\u00e9cider o\u00f9 installer ADISRA SmartView. L&#8217;emplacement par d\u00e9faut se trouve dans le dossier Program Files. Si vous cliquez sur Suivant, il sera install\u00e9 \u00e0 l&#8217;emplacement par d\u00e9faut qui est c:\\Program Files(x86)\\Adisra\\Adisra SmartView. Pour installer dans un autre emplacement, cliquez sur le bouton Modifier et choisissez l&#8217;emplacement de votre choix.<\/p>\t\t\t\t\t\t<\/div>\n\t\t\t\t<\/div>\n\t\t\t\t<div class=\"elementor-element elementor-element-2472033 elementor-widget elementor-widget-image\" data-id=\"2472033\" data-element_type=\"widget\" data-widget_type=\"image.default\">\n\t\t\t\t<div class=\"elementor-widget-container\">\n\t\t\t\t\t\t\t\t\t\t\t\t\t\t\t<img loading=\"lazy\" decoding=\"async\" width=\"495\" height=\"387\" src=\"https:\/\/www.adisra.fr\/wp-content\/uploads\/2021\/06\/installingb13.png\" class=\"attachment-large size-large\" alt=\"\" srcset=\"https:\/\/www.adisra.fr\/wp-content\/uploads\/2021\/06\/installingb13.png 495w, https:\/\/www.adisra.fr\/wp-content\/uploads\/2021\/06\/installingb13-300x235.png 300w\" sizes=\"auto, (max-width: 495px) 100vw, 495px\" \/>\t\t\t\t\t\t\t\t\t\t\t\t\t\t\t<\/div>\n\t\t\t\t<\/div>\n\t\t\t\t<div class=\"elementor-element elementor-element-fa695ee elementor-widget elementor-widget-image\" data-id=\"fa695ee\" data-element_type=\"widget\" data-widget_type=\"image.default\">\n\t\t\t\t<div class=\"elementor-widget-container\">\n\t\t\t\t\t\t\t\t\t\t\t\t\t\t\t<img loading=\"lazy\" decoding=\"async\" width=\"495\" height=\"387\" src=\"https:\/\/www.adisra.fr\/wp-content\/uploads\/2021\/06\/installingb14.png\" class=\"attachment-large size-large\" alt=\"\" srcset=\"https:\/\/www.adisra.fr\/wp-content\/uploads\/2021\/06\/installingb14.png 495w, https:\/\/www.adisra.fr\/wp-content\/uploads\/2021\/06\/installingb14-300x235.png 300w\" sizes=\"auto, (max-width: 495px) 100vw, 495px\" \/>\t\t\t\t\t\t\t\t\t\t\t\t\t\t\t<\/div>\n\t\t\t\t<\/div>\n\t\t\t\t<div class=\"elementor-element elementor-element-5686fd5 elementor-widget elementor-widget-text-editor\" data-id=\"5686fd5\" data-element_type=\"widget\" data-widget_type=\"text-editor.default\">\n\t\t\t\t<div class=\"elementor-widget-container\">\n\t\t\t\t\t\t\t<p>5. Lorsque vous y \u00eates invit\u00e9, vous pouvez choisir d&rsquo;installer uniquement ADISRA SmartView ou Viewer ou les deux sur votre ordinateur. Par d\u00e9faut, les deux seront install\u00e9s sur votre ordinateur. Pour choisir de ne pas installer non plus, d\u00e9s\u00e9lectionnez l&rsquo;option, puis cliquez sur Suivant.<\/p>\t\t\t\t\t\t<\/div>\n\t\t\t\t<\/div>\n\t\t\t\t<div class=\"elementor-element elementor-element-d01f227 elementor-widget elementor-widget-image\" data-id=\"d01f227\" data-element_type=\"widget\" data-widget_type=\"image.default\">\n\t\t\t\t<div class=\"elementor-widget-container\">\n\t\t\t\t\t\t\t\t\t\t\t\t\t\t\t<img loading=\"lazy\" decoding=\"async\" width=\"495\" height=\"387\" src=\"https:\/\/www.adisra.fr\/wp-content\/uploads\/2021\/06\/installingb15.png\" class=\"attachment-large size-large\" alt=\"\" srcset=\"https:\/\/www.adisra.fr\/wp-content\/uploads\/2021\/06\/installingb15.png 495w, https:\/\/www.adisra.fr\/wp-content\/uploads\/2021\/06\/installingb15-300x235.png 300w\" sizes=\"auto, (max-width: 495px) 100vw, 495px\" \/>\t\t\t\t\t\t\t\t\t\t\t\t\t\t\t<\/div>\n\t\t\t\t<\/div>\n\t\t\t\t<div class=\"elementor-element elementor-element-0f272b4 elementor-widget elementor-widget-text-editor\" data-id=\"0f272b4\" data-element_type=\"widget\" data-widget_type=\"text-editor.default\">\n\t\t\t\t<div class=\"elementor-widget-container\">\n\t\t\t\t\t\t\t<p>6. Cliquez sur Installer pour commencer l&rsquo;installation d&rsquo;ADISRA SmartView. Une fois l&rsquo;installation termin\u00e9e, cliquez sur Terminer.<\/p>\t\t\t\t\t\t<\/div>\n\t\t\t\t<\/div>\n\t\t\t\t<div class=\"elementor-element elementor-element-f084aa5 elementor-widget elementor-widget-image\" data-id=\"f084aa5\" data-element_type=\"widget\" data-widget_type=\"image.default\">\n\t\t\t\t<div class=\"elementor-widget-container\">\n\t\t\t\t\t\t\t\t\t\t\t\t\t\t\t<img loading=\"lazy\" decoding=\"async\" width=\"495\" height=\"387\" src=\"https:\/\/www.adisra.fr\/wp-content\/uploads\/2021\/06\/installingb16.png\" class=\"attachment-large size-large\" alt=\"\" srcset=\"https:\/\/www.adisra.fr\/wp-content\/uploads\/2021\/06\/installingb16.png 495w, https:\/\/www.adisra.fr\/wp-content\/uploads\/2021\/06\/installingb16-300x235.png 300w\" sizes=\"auto, (max-width: 495px) 100vw, 495px\" \/>\t\t\t\t\t\t\t\t\t\t\t\t\t\t\t<\/div>\n\t\t\t\t<\/div>\n\t\t\t\t<div class=\"elementor-element elementor-element-ec793f9 elementor-widget elementor-widget-image\" data-id=\"ec793f9\" data-element_type=\"widget\" data-widget_type=\"image.default\">\n\t\t\t\t<div class=\"elementor-widget-container\">\n\t\t\t\t\t\t\t\t\t\t\t\t\t\t\t<img loading=\"lazy\" decoding=\"async\" width=\"495\" height=\"387\" src=\"https:\/\/www.adisra.fr\/wp-content\/uploads\/2021\/06\/installingb17.png\" class=\"attachment-large size-large\" alt=\"\" srcset=\"https:\/\/www.adisra.fr\/wp-content\/uploads\/2021\/06\/installingb17.png 495w, https:\/\/www.adisra.fr\/wp-content\/uploads\/2021\/06\/installingb17-300x235.png 300w\" sizes=\"auto, (max-width: 495px) 100vw, 495px\" \/>\t\t\t\t\t\t\t\t\t\t\t\t\t\t\t<\/div>\n\t\t\t\t<\/div>\n\t\t\t\t<div class=\"elementor-element elementor-element-8872704 elementor-widget elementor-widget-image\" data-id=\"8872704\" data-element_type=\"widget\" data-widget_type=\"image.default\">\n\t\t\t\t<div class=\"elementor-widget-container\">\n\t\t\t\t\t\t\t\t\t\t\t\t\t\t\t<img loading=\"lazy\" decoding=\"async\" width=\"495\" height=\"387\" src=\"https:\/\/www.adisra.fr\/wp-content\/uploads\/2021\/06\/installingb18.png\" class=\"attachment-large size-large\" alt=\"\" srcset=\"https:\/\/www.adisra.fr\/wp-content\/uploads\/2021\/06\/installingb18.png 495w, https:\/\/www.adisra.fr\/wp-content\/uploads\/2021\/06\/installingb18-300x235.png 300w\" sizes=\"auto, (max-width: 495px) 100vw, 495px\" \/>\t\t\t\t\t\t\t\t\t\t\t\t\t\t\t<\/div>\n\t\t\t\t<\/div>\n\t\t\t\t<div class=\"elementor-element elementor-element-ccfae37 elementor-widget elementor-widget-text-editor\" data-id=\"ccfae37\" data-element_type=\"widget\" data-widget_type=\"text-editor.default\">\n\t\t\t\t<div class=\"elementor-widget-container\">\n\t\t\t\t\t\t\t<p>Cliquez sur Terminer et vous pouvez d\u00e9marrer ADISRA SmartView.<\/p>\t\t\t\t\t\t<\/div>\n\t\t\t\t<\/div>\n\t\t\t\t\t<\/div>\n\t\t<\/div>\n\t\t\t\t\t\t\t<\/div>\n\t\t<\/section>\n\t\t\t\t\t\t\t<\/div>\n\t\t","protected":false},"excerpt":{"rendered":"<p>Introduction Architecture Conditions Installation d\u2019ADISRA SmartView License ADISRA SmartView Interface Intuitive d\u2019Ing\u00e9nierie Script Obtenir de l&rsquo;aide Modules Ing\u00e9nierie Dur\u00e9e Viewer Sujets d\u2019Actualit\u00e9s Base de donn\u00e9es Documentation MultiTagViewer Remote Viewer S\u00e9curit\u00e9 Biblioth\u00e8que de Fonctions Syst\u00e8me Web ADISRA SmartView .NET Framework 4.8 Installer ADISRA SmartView 4.0 Pour installer ADISRA SmartView, merci de suivre les \u00e9tapes suivantes 1. &hellip;<\/p>\n<p class=\"read-more\"> <a class=\"\" href=\"https:\/\/www.adisra.fr\/?page_id=1361\"> <span class=\"screen-reader-text\">Installation d&rsquo;ADISRA SmartView<\/span> Lire la suite\u00a0\u00bb<\/a><\/p>\n","protected":false},"author":1,"featured_media":0,"parent":0,"menu_order":0,"comment_status":"closed","ping_status":"closed","template":"","meta":{"_monsterinsights_skip_tracking":false,"_monsterinsights_sitenote_active":false,"_monsterinsights_sitenote_note":"","_monsterinsights_sitenote_category":0,"site-sidebar-layout":"no-sidebar","site-content-layout":"page-builder","ast-main-header-display":"","ast-hfb-above-header-display":"","ast-hfb-below-header-display":"","ast-hfb-mobile-header-display":"","site-post-title":"disabled","ast-breadcrumbs-content":"","ast-featured-img":"disabled","footer-sml-layout":"","theme-transparent-header-meta":"default","adv-header-id-meta":"","stick-header-meta":"","header-above-stick-meta":"","header-main-stick-meta":"","header-below-stick-meta":"","footnotes":""},"class_list":["post-1361","page","type-page","status-publish","hentry"],"aioseo_notices":[],"_links":{"self":[{"href":"https:\/\/www.adisra.fr\/index.php?rest_route=\/wp\/v2\/pages\/1361","targetHints":{"allow":["GET"]}}],"collection":[{"href":"https:\/\/www.adisra.fr\/index.php?rest_route=\/wp\/v2\/pages"}],"about":[{"href":"https:\/\/www.adisra.fr\/index.php?rest_route=\/wp\/v2\/types\/page"}],"author":[{"embeddable":true,"href":"https:\/\/www.adisra.fr\/index.php?rest_route=\/wp\/v2\/users\/1"}],"replies":[{"embeddable":true,"href":"https:\/\/www.adisra.fr\/index.php?rest_route=%2Fwp%2Fv2%2Fcomments&post=1361"}],"version-history":[{"count":11,"href":"https:\/\/www.adisra.fr\/index.php?rest_route=\/wp\/v2\/pages\/1361\/revisions"}],"predecessor-version":[{"id":7514,"href":"https:\/\/www.adisra.fr\/index.php?rest_route=\/wp\/v2\/pages\/1361\/revisions\/7514"}],"wp:attachment":[{"href":"https:\/\/www.adisra.fr\/index.php?rest_route=%2Fwp%2Fv2%2Fmedia&parent=1361"}],"curies":[{"name":"wp","href":"https:\/\/api.w.org\/{rel}","templated":true}]}}