{"id":1324,"date":"2021-06-07T16:50:18","date_gmt":"2021-06-07T14:50:18","guid":{"rendered":"http:\/\/adisrav.cluster028.hosting.ovh.net\/?page_id=1324"},"modified":"2024-02-05T10:11:34","modified_gmt":"2024-02-05T09:11:34","slug":"exemples-fonctionnalites","status":"publish","type":"page","link":"https:\/\/www.adisra.fr\/?page_id=1324","title":{"rendered":"Exemples de fonctionnalit\u00e9s"},"content":{"rendered":"\t\t<div data-elementor-type=\"wp-page\" data-elementor-id=\"1324\" class=\"elementor elementor-1324\">\n\t\t\t\t\t\t\t<div class=\"elementor-element elementor-element-5f87389 e-container--column e-container\" data-id=\"5f87389\" data-element_type=\"container\">\t\t<div class=\"elementor-element elementor-element-bd00539 e-container--column e-container\" data-id=\"bd00539\" data-element_type=\"container\">\t\t\t\t<div class=\"elementor-element elementor-element-7fbcb86 elementor-widget elementor-widget-heading\" data-id=\"7fbcb86\" data-element_type=\"widget\" data-widget_type=\"heading.default\">\n\t\t\t\t<div class=\"elementor-widget-container\">\n\t\t\t<h2 class=\"elementor-heading-title elementor-size-default\">Exemples de fonctionnalit\u00e9s<\/h2>\t\t<\/div>\n\t\t\t\t<\/div>\n\t\t<\/div><div class=\"elementor-element elementor-element-1e1bbc6 e-container--column e-container\" data-id=\"1e1bbc6\" data-element_type=\"container\">\t\t<div class=\"elementor-element elementor-element-ae1cf5d e-container--row e-container\" data-id=\"ae1cf5d\" data-element_type=\"container\">\t\t<div class=\"elementor-element elementor-element-22498f2 e-container--column e-container\" data-id=\"22498f2\" data-element_type=\"container\">\t\t\t\t<div class=\"elementor-element elementor-element-8c7d340 elementor-widget elementor-widget-heading\" data-id=\"8c7d340\" data-element_type=\"widget\" data-widget_type=\"heading.default\">\n\t\t\t\t<div class=\"elementor-widget-container\">\n\t\t\t<h2 class=\"elementor-heading-title elementor-size-medium\">MultiTagViewer<\/h2>\t\t<\/div>\n\t\t\t\t<\/div>\n\t\t\t\t<div class=\"elementor-element elementor-element-600a1b9 elementor-widget elementor-widget-image\" data-id=\"600a1b9\" data-element_type=\"widget\" data-widget_type=\"image.default\">\n\t\t\t\t<div class=\"elementor-widget-container\">\n\t\t\t\t\t\t\t\t\t\t\t\t\t\t\t<img loading=\"lazy\" decoding=\"async\" width=\"250\" height=\"250\" src=\"https:\/\/www.adisra.fr\/wp-content\/uploads\/2021\/06\/Preview-250x250-3.png\" class=\"attachment-full size-full\" alt=\"\" srcset=\"https:\/\/www.adisra.fr\/wp-content\/uploads\/2021\/06\/Preview-250x250-3.png 250w, https:\/\/www.adisra.fr\/wp-content\/uploads\/2021\/06\/Preview-250x250-3-150x150.png 150w\" sizes=\"auto, (max-width: 250px) 100vw, 250px\" \/>\t\t\t\t\t\t\t\t\t\t\t\t\t\t\t<\/div>\n\t\t\t\t<\/div>\n\t\t\t\t<div class=\"elementor-element elementor-element-47cef40 elementor-align-center elementor-widget elementor-widget-button\" data-id=\"47cef40\" data-element_type=\"widget\" data-widget_type=\"button.default\">\n\t\t\t\t<div class=\"elementor-widget-container\">\n\t\t\t\t\t<div class=\"elementor-button-wrapper\">\n\t\t\t<a href=\"https:\/\/www.kepfrance.fr\/data\/ftp\/exemple\/1-DEMO_MTV.zip\" class=\"elementor-button-link elementor-button elementor-size-xs\" role=\"button\">\n\t\t\t\t\t\t<span class=\"elementor-button-content-wrapper\">\n\t\t\t\t\t\t\t<span class=\"elementor-button-icon elementor-align-icon-right\">\n\t\t\t\t<i aria-hidden=\"true\" class=\"icon icon-download\"><\/i>\t\t\t<\/span>\n\t\t\t\t\t\t<span class=\"elementor-button-text\">T\u00e9l\u00e9charger<\/span>\n\t\t<\/span>\n\t\t\t\t\t<\/a>\n\t\t<\/div>\n\t\t\t\t<\/div>\n\t\t\t\t<\/div>\n\t\t<\/div><div class=\"elementor-element elementor-element-c684e8e e-container--column e-container\" data-id=\"c684e8e\" data-element_type=\"container\">\t\t\t\t<div class=\"elementor-element elementor-element-4850feb elementor-widget elementor-widget-text-editor\" data-id=\"4850feb\" data-element_type=\"widget\" data-widget_type=\"text-editor.default\">\n\t\t\t\t<div class=\"elementor-widget-container\">\n\t\t\t\t\t\t\t<p><strong>Description :<\/strong><\/p><p>Cette application utilise l\u2019outil graphique MultiTagViewer pour afficher les valeurs des Tags sous diff\u00e9rents formats : Principalement utilis\u00e9 comme tableaux de contr\u00f4le commande.<\/p><p><strong>Fonctionnalit\u00e9s :<\/strong><\/p><ul><li>Utilisation de diff\u00e9rents formats de colonnes<\/li><li>C# Script d\u2019\u00e9v\u00e9nement<\/li><li>DataType<\/li><li>Fonctions MultiTagViewer<\/li><li>Service Script<\/li><li>Objet Trend<\/li><li>Fonction utilisateur<\/li><li>Objets Symboles<\/li><li>Images dynamiques<\/li><\/ul>\t\t\t\t\t\t<\/div>\n\t\t\t\t<\/div>\n\t\t<\/div><\/div><div class=\"elementor-element elementor-element-d7e932b e-container--row e-container\" data-id=\"d7e932b\" data-element_type=\"container\" data-settings=\"{&quot;background_background&quot;:&quot;classic&quot;}\">\t\t<div class=\"elementor-element elementor-element-fa7e28c e-container--column e-container\" data-id=\"fa7e28c\" data-element_type=\"container\">\t\t\t\t<div class=\"elementor-element elementor-element-2711621 elementor-widget elementor-widget-heading\" data-id=\"2711621\" data-element_type=\"widget\" data-widget_type=\"heading.default\">\n\t\t\t\t<div class=\"elementor-widget-container\">\n\t\t\t<h2 class=\"elementor-heading-title elementor-size-default\">Matrice<\/h2>\t\t<\/div>\n\t\t\t\t<\/div>\n\t\t\t\t<div class=\"elementor-element elementor-element-0aa395a elementor-widget elementor-widget-image\" data-id=\"0aa395a\" data-element_type=\"widget\" data-widget_type=\"image.default\">\n\t\t\t\t<div class=\"elementor-widget-container\">\n\t\t\t\t\t\t\t\t\t\t\t\t\t\t\t<img loading=\"lazy\" decoding=\"async\" width=\"250\" height=\"250\" src=\"https:\/\/www.adisra.fr\/wp-content\/uploads\/2021\/06\/preview-1-250x250-5.png\" class=\"attachment-large size-large\" alt=\"\" srcset=\"https:\/\/www.adisra.fr\/wp-content\/uploads\/2021\/06\/preview-1-250x250-5.png 250w, https:\/\/www.adisra.fr\/wp-content\/uploads\/2021\/06\/preview-1-250x250-5-150x150.png 150w\" sizes=\"auto, (max-width: 250px) 100vw, 250px\" \/>\t\t\t\t\t\t\t\t\t\t\t\t\t\t\t<\/div>\n\t\t\t\t<\/div>\n\t\t\t\t<div class=\"elementor-element elementor-element-fe2f62e elementor-align-center elementor-widget elementor-widget-button\" data-id=\"fe2f62e\" data-element_type=\"widget\" data-widget_type=\"button.default\">\n\t\t\t\t<div class=\"elementor-widget-container\">\n\t\t\t\t\t<div class=\"elementor-button-wrapper\">\n\t\t\t<a href=\"https:\/\/www.kepfrance.fr\/data\/ftp\/exemple\/2-DEMO_MatrixGrid.zip\" class=\"elementor-button-link elementor-button elementor-size-xs\" role=\"button\">\n\t\t\t\t\t\t<span class=\"elementor-button-content-wrapper\">\n\t\t\t\t\t\t\t<span class=\"elementor-button-icon elementor-align-icon-right\">\n\t\t\t\t<i aria-hidden=\"true\" class=\"icon icon-download\"><\/i>\t\t\t<\/span>\n\t\t\t\t\t\t<span class=\"elementor-button-text\">T\u00e9l\u00e9charger<\/span>\n\t\t<\/span>\n\t\t\t\t\t<\/a>\n\t\t<\/div>\n\t\t\t\t<\/div>\n\t\t\t\t<\/div>\n\t\t<\/div><div class=\"elementor-element elementor-element-c3fad71 e-container--column e-container\" data-id=\"c3fad71\" data-element_type=\"container\">\t\t\t\t<div class=\"elementor-element elementor-element-5f003fb elementor-widget elementor-widget-text-editor\" data-id=\"5f003fb\" data-element_type=\"widget\" data-widget_type=\"text-editor.default\">\n\t\t\t\t<div class=\"elementor-widget-container\">\n\t\t\t\t\t\t\t<p><strong>Description :<\/strong><\/p><p>Cette application utilise un tableau graphique MatrixGrid \u00e0 2 dimensions pour afficher des valeurs al\u00e9atoires dans la matrice 3\u00d73.<br \/>L\u2019\u00e9v\u00e9nement OnWhile calcule le d\u00e9terminant de la matrice.<\/p><p><strong>Fonctionnalit\u00e9s :<\/strong><\/p><ul><li>Tag \u00e0 2 dimensions<\/li><li>Objet MatrixGrid<\/li><li>Fonction utilisateur<\/li><li>\u00c9v\u00e9nement OnWhile<\/li><\/ul>\t\t\t\t\t\t<\/div>\n\t\t\t\t<\/div>\n\t\t<\/div><\/div><div class=\"elementor-element elementor-element-7517dfd e-container--row e-container\" data-id=\"7517dfd\" data-element_type=\"container\">\t\t<div class=\"elementor-element elementor-element-acb3550 e-container--column e-container\" data-id=\"acb3550\" data-element_type=\"container\">\t\t\t\t<div class=\"elementor-element elementor-element-d7f5dc1 elementor-widget elementor-widget-heading\" data-id=\"d7f5dc1\" data-element_type=\"widget\" data-widget_type=\"heading.default\">\n\t\t\t\t<div class=\"elementor-widget-container\">\n\t\t\t<h2 class=\"elementor-heading-title elementor-size-default\">Courbes acquisition Trend<\/h2>\t\t<\/div>\n\t\t\t\t<\/div>\n\t\t\t\t<div class=\"elementor-element elementor-element-30f7b49 elementor-widget elementor-widget-image\" data-id=\"30f7b49\" data-element_type=\"widget\" data-widget_type=\"image.default\">\n\t\t\t\t<div class=\"elementor-widget-container\">\n\t\t\t\t\t\t\t\t\t\t\t\t\t\t\t<img loading=\"lazy\" decoding=\"async\" width=\"250\" height=\"250\" src=\"https:\/\/www.adisra.fr\/wp-content\/uploads\/2021\/06\/preview-250x250-1-1.png\" class=\"attachment-large size-large\" alt=\"\" srcset=\"https:\/\/www.adisra.fr\/wp-content\/uploads\/2021\/06\/preview-250x250-1-1.png 250w, https:\/\/www.adisra.fr\/wp-content\/uploads\/2021\/06\/preview-250x250-1-1-150x150.png 150w\" sizes=\"auto, (max-width: 250px) 100vw, 250px\" \/>\t\t\t\t\t\t\t\t\t\t\t\t\t\t\t<\/div>\n\t\t\t\t<\/div>\n\t\t\t\t<div class=\"elementor-element elementor-element-9d7b4c9 elementor-align-center elementor-widget elementor-widget-button\" data-id=\"9d7b4c9\" data-element_type=\"widget\" data-widget_type=\"button.default\">\n\t\t\t\t<div class=\"elementor-widget-container\">\n\t\t\t\t\t<div class=\"elementor-button-wrapper\">\n\t\t\t<a href=\"https:\/\/www.kepfrance.fr\/data\/ftp\/exemple\/3-DEMO_Trend.zip\" class=\"elementor-button-link elementor-button elementor-size-xs\" role=\"button\">\n\t\t\t\t\t\t<span class=\"elementor-button-content-wrapper\">\n\t\t\t\t\t\t\t<span class=\"elementor-button-icon elementor-align-icon-right\">\n\t\t\t\t<i aria-hidden=\"true\" class=\"icon icon-download\"><\/i>\t\t\t<\/span>\n\t\t\t\t\t\t<span class=\"elementor-button-text\">T\u00e9l\u00e9charger<\/span>\n\t\t<\/span>\n\t\t\t\t\t<\/a>\n\t\t<\/div>\n\t\t\t\t<\/div>\n\t\t\t\t<\/div>\n\t\t<\/div><div class=\"elementor-element elementor-element-4d2c9af e-container--column e-container\" data-id=\"4d2c9af\" data-element_type=\"container\">\t\t\t\t<div class=\"elementor-element elementor-element-8bee91d elementor-widget elementor-widget-text-editor\" data-id=\"8bee91d\" data-element_type=\"widget\" data-widget_type=\"text-editor.default\">\n\t\t\t\t<div class=\"elementor-widget-container\">\n\t\t\t\t\t\t\t<p><strong>Description :<\/strong><\/p><p>Cette application montre comment ajouter de nouvelles courbes d\u2019acquisitions \u00e0 un graphique Trend \u00e0 l\u2019aide des scripts. La fonction permet de configurer l\u2019\u00e9paisseur du trait, la couleur, le marqueur, la l\u00e9gende et l\u2019interpolation.<\/p><p><strong>Fonctionnalit\u00e9s :<\/strong><\/p><ul><li>Objet Trend<\/li><li>Objet ComboBox<\/li><li>Case \u00e0 cocher<\/li><li>Scripts d\u2019Objets<\/li><li>\u00c9v\u00e9nements Souris<\/li><\/ul>\t\t\t\t\t\t<\/div>\n\t\t\t\t<\/div>\n\t\t<\/div><\/div><div class=\"elementor-element elementor-element-d638ea2 e-container--row e-container\" data-id=\"d638ea2\" data-element_type=\"container\" data-settings=\"{&quot;background_background&quot;:&quot;classic&quot;}\">\t\t<div class=\"elementor-element elementor-element-c8359b2 e-container--column e-container\" data-id=\"c8359b2\" data-element_type=\"container\">\t\t\t\t<div class=\"elementor-element elementor-element-401eceb elementor-widget elementor-widget-heading\" data-id=\"401eceb\" data-element_type=\"widget\" data-widget_type=\"heading.default\">\n\t\t\t\t<div class=\"elementor-widget-container\">\n\t\t\t<h2 class=\"elementor-heading-title elementor-size-default\">Int\u00e9gration de logiciels tiers<\/h2>\t\t<\/div>\n\t\t\t\t<\/div>\n\t\t\t\t<div class=\"elementor-element elementor-element-a7efd25 elementor-widget elementor-widget-image\" data-id=\"a7efd25\" data-element_type=\"widget\" data-widget_type=\"image.default\">\n\t\t\t\t<div class=\"elementor-widget-container\">\n\t\t\t\t\t\t\t\t\t\t\t\t\t\t\t<img loading=\"lazy\" decoding=\"async\" width=\"250\" height=\"250\" src=\"https:\/\/www.adisra.fr\/wp-content\/uploads\/2021\/06\/preview-6-250x250-3.png\" class=\"attachment-large size-large\" alt=\"\" srcset=\"https:\/\/www.adisra.fr\/wp-content\/uploads\/2021\/06\/preview-6-250x250-3.png 250w, https:\/\/www.adisra.fr\/wp-content\/uploads\/2021\/06\/preview-6-250x250-3-150x150.png 150w\" sizes=\"auto, (max-width: 250px) 100vw, 250px\" \/>\t\t\t\t\t\t\t\t\t\t\t\t\t\t\t<\/div>\n\t\t\t\t<\/div>\n\t\t\t\t<div class=\"elementor-element elementor-element-f37a256 elementor-align-center elementor-widget elementor-widget-button\" data-id=\"f37a256\" data-element_type=\"widget\" data-widget_type=\"button.default\">\n\t\t\t\t<div class=\"elementor-widget-container\">\n\t\t\t\t\t<div class=\"elementor-button-wrapper\">\n\t\t\t<a href=\"https:\/\/www.kepfrance.fr\/data\/ftp\/exemple\/4-DEMO_QRCode.zip\" class=\"elementor-button-link elementor-button elementor-size-xs\" role=\"button\">\n\t\t\t\t\t\t<span class=\"elementor-button-content-wrapper\">\n\t\t\t\t\t\t\t<span class=\"elementor-button-icon elementor-align-icon-right\">\n\t\t\t\t<i aria-hidden=\"true\" class=\"icon icon-download\"><\/i>\t\t\t<\/span>\n\t\t\t\t\t\t<span class=\"elementor-button-text\">T\u00e9l\u00e9charger<\/span>\n\t\t<\/span>\n\t\t\t\t\t<\/a>\n\t\t<\/div>\n\t\t\t\t<\/div>\n\t\t\t\t<\/div>\n\t\t<\/div><div class=\"elementor-element elementor-element-76bccae e-container--column e-container\" data-id=\"76bccae\" data-element_type=\"container\">\t\t\t\t<div class=\"elementor-element elementor-element-82147ca elementor-widget elementor-widget-text-editor\" data-id=\"82147ca\" data-element_type=\"widget\" data-widget_type=\"text-editor.default\">\n\t\t\t\t<div class=\"elementor-widget-container\">\n\t\t\t\t\t\t\t<p><strong>Description :<\/strong><\/p><p>Cette application int\u00e8gre \u00e0 un ex\u00e9cutable tiers qui g\u00e9n\u00e8re un QR code. L\u2019application utilise la fonction SVApplications.Run pour ex\u00e9cuter les fonctions et fournit les param\u00e8tres de configuration lors de l\u2019ex\u00e9cution. L\u2019exemple g\u00e9n\u00e8re \u00e9galement un rapport \u00e0 l\u2019aide du QRCode g\u00e9n\u00e9r\u00e9.<\/p><p><strong>Fonctionnalit\u00e9s :<\/strong><\/p><ul><li>Biblioth\u00e8que de fonctions syst\u00e8me (SVApplications , SVFile, SVReports)<\/li><li>Niveaux de logiciels<\/li><li>Rapports<\/li><\/ul>\t\t\t\t\t\t<\/div>\n\t\t\t\t<\/div>\n\t\t<\/div><\/div><\/div><div class=\"elementor-element elementor-element-a545ccc e-container--row e-container\" data-id=\"a545ccc\" data-element_type=\"container\">\t\t<div class=\"elementor-element elementor-element-3eb7dc6 e-container--column e-container\" data-id=\"3eb7dc6\" data-element_type=\"container\">\t\t\t\t<div class=\"elementor-element elementor-element-94f9c01 elementor-widget elementor-widget-heading\" data-id=\"94f9c01\" data-element_type=\"widget\" data-widget_type=\"heading.default\">\n\t\t\t\t<div class=\"elementor-widget-container\">\n\t\t\t<h2 class=\"elementor-heading-title elementor-size-default\">Security Management<\/h2>\t\t<\/div>\n\t\t\t\t<\/div>\n\t\t\t\t<div class=\"elementor-element elementor-element-34e8973 elementor-widget elementor-widget-image\" data-id=\"34e8973\" data-element_type=\"widget\" data-widget_type=\"image.default\">\n\t\t\t\t<div class=\"elementor-widget-container\">\n\t\t\t\t\t\t\t\t\t\t\t\t\t\t\t<img loading=\"lazy\" decoding=\"async\" width=\"302\" height=\"254\" src=\"https:\/\/www.adisra.fr\/wp-content\/uploads\/2024\/01\/5-DEMO_SecurityManagement_preview.png\" class=\"attachment-large size-large\" alt=\"\" srcset=\"https:\/\/www.adisra.fr\/wp-content\/uploads\/2024\/01\/5-DEMO_SecurityManagement_preview.png 302w, https:\/\/www.adisra.fr\/wp-content\/uploads\/2024\/01\/5-DEMO_SecurityManagement_preview-300x252.png 300w\" sizes=\"auto, (max-width: 302px) 100vw, 302px\" \/>\t\t\t\t\t\t\t\t\t\t\t\t\t\t\t<\/div>\n\t\t\t\t<\/div>\n\t\t\t\t<div class=\"elementor-element elementor-element-1a2d9f7 elementor-align-center elementor-widget elementor-widget-button\" data-id=\"1a2d9f7\" data-element_type=\"widget\" data-widget_type=\"button.default\">\n\t\t\t\t<div class=\"elementor-widget-container\">\n\t\t\t\t\t<div class=\"elementor-button-wrapper\">\n\t\t\t<a href=\"https:\/\/www.kepfrance.fr\/data\/ftp\/exemple\/5-DEMO_SecurityManagement.zip\" class=\"elementor-button-link elementor-button elementor-size-xs\" role=\"button\">\n\t\t\t\t\t\t<span class=\"elementor-button-content-wrapper\">\n\t\t\t\t\t\t\t<span class=\"elementor-button-icon elementor-align-icon-right\">\n\t\t\t\t<i aria-hidden=\"true\" class=\"icon icon-download\"><\/i>\t\t\t<\/span>\n\t\t\t\t\t\t<span class=\"elementor-button-text\">T\u00e9l\u00e9charger<\/span>\n\t\t<\/span>\n\t\t\t\t\t<\/a>\n\t\t<\/div>\n\t\t\t\t<\/div>\n\t\t\t\t<\/div>\n\t\t<\/div><div class=\"elementor-element elementor-element-e754a19 e-container--column e-container\" data-id=\"e754a19\" data-element_type=\"container\">\t\t\t\t<div class=\"elementor-element elementor-element-e6f2ea3 elementor-widget elementor-widget-text-editor\" data-id=\"e6f2ea3\" data-element_type=\"widget\" data-widget_type=\"text-editor.default\">\n\t\t\t\t<div class=\"elementor-widget-container\">\n\t\t\t\t\t\t\t<p><strong>Description :<\/strong><\/p><p>Cette application int\u00e8gre toutes les pages pour g\u00e9rer par scripts les profils utilisateurs et les droits d\u2019acc\u00e8s.<\/p><p><strong>Fonctionnalit\u00e9s :<\/strong><\/p><ul><li>Service Script<\/li><li>Gestion utilisateur<\/li><li>Droit d\u2019acc\u00e8s<\/li><\/ul>\t\t\t\t\t\t<\/div>\n\t\t\t\t<\/div>\n\t\t<\/div><\/div><div class=\"elementor-element elementor-element-b2b7b6d e-container--row e-container\" data-id=\"b2b7b6d\" data-element_type=\"container\" data-settings=\"{&quot;background_background&quot;:&quot;classic&quot;}\">\t\t<div class=\"elementor-element elementor-element-565256f e-container--column e-container\" data-id=\"565256f\" data-element_type=\"container\">\t\t\t\t<div class=\"elementor-element elementor-element-93ee80c elementor-widget elementor-widget-heading\" data-id=\"93ee80c\" data-element_type=\"widget\" data-widget_type=\"heading.default\">\n\t\t\t\t<div class=\"elementor-widget-container\">\n\t\t\t<h2 class=\"elementor-heading-title elementor-size-default\">Virtual KeyBoard<\/h2>\t\t<\/div>\n\t\t\t\t<\/div>\n\t\t\t\t<div class=\"elementor-element elementor-element-1665dba elementor-widget elementor-widget-image\" data-id=\"1665dba\" data-element_type=\"widget\" data-widget_type=\"image.default\">\n\t\t\t\t<div class=\"elementor-widget-container\">\n\t\t\t\t\t\t\t\t\t\t\t\t\t\t\t<img loading=\"lazy\" decoding=\"async\" width=\"902\" height=\"736\" src=\"https:\/\/www.adisra.fr\/wp-content\/uploads\/2024\/01\/6-DEMO_VirtualKeyboard_preview.png\" class=\"attachment-large size-large\" alt=\"\" srcset=\"https:\/\/www.adisra.fr\/wp-content\/uploads\/2024\/01\/6-DEMO_VirtualKeyboard_preview.png 902w, https:\/\/www.adisra.fr\/wp-content\/uploads\/2024\/01\/6-DEMO_VirtualKeyboard_preview-300x245.png 300w, https:\/\/www.adisra.fr\/wp-content\/uploads\/2024\/01\/6-DEMO_VirtualKeyboard_preview-768x627.png 768w\" sizes=\"auto, (max-width: 902px) 100vw, 902px\" \/>\t\t\t\t\t\t\t\t\t\t\t\t\t\t\t<\/div>\n\t\t\t\t<\/div>\n\t\t\t\t<div class=\"elementor-element elementor-element-05457b0 elementor-align-center elementor-widget elementor-widget-button\" data-id=\"05457b0\" data-element_type=\"widget\" data-widget_type=\"button.default\">\n\t\t\t\t<div class=\"elementor-widget-container\">\n\t\t\t\t\t<div class=\"elementor-button-wrapper\">\n\t\t\t<a href=\"https:\/\/www.kepfrance.fr\/data\/ftp\/exemple\/6-DEMO_VirtualKeyboard.zip\" class=\"elementor-button-link elementor-button elementor-size-xs\" role=\"button\">\n\t\t\t\t\t\t<span class=\"elementor-button-content-wrapper\">\n\t\t\t\t\t\t\t<span class=\"elementor-button-icon elementor-align-icon-right\">\n\t\t\t\t<i aria-hidden=\"true\" class=\"icon icon-download\"><\/i>\t\t\t<\/span>\n\t\t\t\t\t\t<span class=\"elementor-button-text\">T\u00e9l\u00e9charger<\/span>\n\t\t<\/span>\n\t\t\t\t\t<\/a>\n\t\t<\/div>\n\t\t\t\t<\/div>\n\t\t\t\t<\/div>\n\t\t<\/div><div class=\"elementor-element elementor-element-38e4465 e-container--column e-container\" data-id=\"38e4465\" data-element_type=\"container\">\t\t\t\t<div class=\"elementor-element elementor-element-6e6f44a elementor-widget elementor-widget-text-editor\" data-id=\"6e6f44a\" data-element_type=\"widget\" data-widget_type=\"text-editor.default\">\n\t\t\t\t<div class=\"elementor-widget-container\">\n\t\t\t\t\t\t\t<p><strong>Description :<\/strong><\/p><p>Cette application int\u00e8gre \u00e0 un clavier virtuel pour les superviseurs ex\u00e9cut\u00e9s sur des \u00e9crans tactiles sans clavier\/souris.<\/p><p><strong>Fonctionnalit\u00e9s :<\/strong><\/p><ul><li>Clavier virtuel<\/li><li>\u00c9v\u00e8nements TextBox<\/li><\/ul>\t\t\t\t\t\t<\/div>\n\t\t\t\t<\/div>\n\t\t<\/div><\/div><\/div>\t\t\t\t\t<\/div>\n\t\t","protected":false},"excerpt":{"rendered":"<p>Exemples de fonctionnalit\u00e9s MultiTagViewer T\u00e9l\u00e9charger Description : Cette application utilise l\u2019outil graphique MultiTagViewer pour afficher les valeurs des Tags sous diff\u00e9rents formats : Principalement utilis\u00e9 comme tableaux de contr\u00f4le commande. Fonctionnalit\u00e9s : Utilisation de diff\u00e9rents formats de colonnes C# Script d\u2019\u00e9v\u00e9nement DataType Fonctions MultiTagViewer Service Script Objet Trend Fonction utilisateur Objets Symboles Images dynamiques Matrice &hellip;<\/p>\n<p class=\"read-more\"> <a class=\"\" href=\"https:\/\/www.adisra.fr\/?page_id=1324\"> <span class=\"screen-reader-text\">Exemples de fonctionnalit\u00e9s<\/span> Lire la suite\u00a0\u00bb<\/a><\/p>\n","protected":false},"author":1,"featured_media":0,"parent":0,"menu_order":0,"comment_status":"closed","ping_status":"closed","template":"","meta":{"_monsterinsights_skip_tracking":false,"_monsterinsights_sitenote_active":false,"_monsterinsights_sitenote_note":"","_monsterinsights_sitenote_category":0,"site-sidebar-layout":"no-sidebar","site-content-layout":"page-builder","ast-main-header-display":"","ast-hfb-above-header-display":"","ast-hfb-below-header-display":"","ast-hfb-mobile-header-display":"","site-post-title":"disabled","ast-breadcrumbs-content":"","ast-featured-img":"disabled","footer-sml-layout":"","theme-transparent-header-meta":"default","adv-header-id-meta":"","stick-header-meta":"","header-above-stick-meta":"","header-main-stick-meta":"","header-below-stick-meta":"","footnotes":""},"class_list":["post-1324","page","type-page","status-publish","hentry"],"aioseo_notices":[],"_links":{"self":[{"href":"https:\/\/www.adisra.fr\/index.php?rest_route=\/wp\/v2\/pages\/1324","targetHints":{"allow":["GET"]}}],"collection":[{"href":"https:\/\/www.adisra.fr\/index.php?rest_route=\/wp\/v2\/pages"}],"about":[{"href":"https:\/\/www.adisra.fr\/index.php?rest_route=\/wp\/v2\/types\/page"}],"author":[{"embeddable":true,"href":"https:\/\/www.adisra.fr\/index.php?rest_route=\/wp\/v2\/users\/1"}],"replies":[{"embeddable":true,"href":"https:\/\/www.adisra.fr\/index.php?rest_route=%2Fwp%2Fv2%2Fcomments&post=1324"}],"version-history":[{"count":80,"href":"https:\/\/www.adisra.fr\/index.php?rest_route=\/wp\/v2\/pages\/1324\/revisions"}],"predecessor-version":[{"id":8985,"href":"https:\/\/www.adisra.fr\/index.php?rest_route=\/wp\/v2\/pages\/1324\/revisions\/8985"}],"wp:attachment":[{"href":"https:\/\/www.adisra.fr\/index.php?rest_route=%2Fwp%2Fv2%2Fmedia&parent=1324"}],"curies":[{"name":"wp","href":"https:\/\/api.w.org\/{rel}","templated":true}]}}