{"id":1319,"date":"2021-06-07T16:49:15","date_gmt":"2021-06-07T14:49:15","guid":{"rendered":"http:\/\/adisrav.cluster028.hosting.ovh.net\/?page_id=1319"},"modified":"2022-12-22T18:29:44","modified_gmt":"2022-12-22T17:29:44","slug":"obtenir-de-laide","status":"publish","type":"page","link":"https:\/\/www.adisra.fr\/?page_id=1319","title":{"rendered":"Obtenir de l&rsquo;aide"},"content":{"rendered":"\t\t<div data-elementor-type=\"wp-page\" data-elementor-id=\"1319\" class=\"elementor elementor-1319\">\n\t\t\t\t\t\t\t<div class=\"elementor-element elementor-element-c5a109d e-container--row e-container\" data-id=\"c5a109d\" data-element_type=\"container\">\t\t<div class=\"elementor-element elementor-element-1fe18f8 e-container--column e-container\" data-id=\"1fe18f8\" data-element_type=\"container\">\t\t\t\t<div class=\"elementor-element elementor-element-0941177 elementor-widget elementor-widget-eael-simple-menu\" data-id=\"0941177\" data-element_type=\"widget\" data-widget_type=\"eael-simple-menu.default\">\n\t\t\t\t<div class=\"elementor-widget-container\">\n\t\t\t<div data-hamburger-icon=\"&lt;i aria-hidden=&quot;true&quot; class=&quot;fas fa-bars&quot;&gt;&lt;\/i&gt;\" data-indicator-class=\"fas fa-angle-down\" data-dropdown-indicator-class=\"fas fa-angle-down\" class=\"eael-simple-menu-container eael-simple-menu-align-left eael-simple-menu-dropdown-align-left preset-1\" data-hamburger-breakpoints=\"{&quot;mobile&quot;:&quot;Mobile (&gt; 767px)&quot;,&quot;tablet&quot;:&quot;Tablette (&gt; 1024px)&quot;,&quot;none&quot;:&quot;None&quot;}\" data-hamburger-device=\"tablet\"><ul id=\"menu-obtenir-de-laide\" class=\"eael-simple-menu eael-simple-menu-dropdown-animate-to-top eael-simple-menu-indicator eael-simple-menu-vertical\"><li id=\"menu-item-1914\" class=\"menu-item menu-item-type-post_type menu-item-object-page menu-item-has-children menu-item-1914\"><a href=\"https:\/\/www.adisra.fr\/?page_id=1319\" class=\"menu-link\">Introduction<\/a>\n<ul class=\"sub-menu\">\n\t<li id=\"menu-item-1400\" class=\"menu-item menu-item-type-post_type menu-item-object-page menu-item-1400\"><a href=\"https:\/\/www.adisra.fr\/?page_id=1350\" class=\"menu-link\">Architecture<\/a><\/li>\n\t<li id=\"menu-item-1401\" class=\"menu-item menu-item-type-post_type menu-item-object-page menu-item-1401\"><a href=\"https:\/\/www.adisra.fr\/?page_id=1352\" class=\"menu-link\">Conditions<\/a><\/li>\n\t<li id=\"menu-item-1402\" class=\"menu-item menu-item-type-post_type menu-item-object-page menu-item-1402\"><a href=\"https:\/\/www.adisra.fr\/?page_id=1361\" class=\"menu-link\">Installation d\u2019ADISRA SmartView<\/a><\/li>\n\t<li id=\"menu-item-1404\" class=\"menu-item menu-item-type-post_type menu-item-object-page menu-item-1404\"><a href=\"https:\/\/www.adisra.fr\/?page_id=1363\" class=\"menu-link\">License ADISRA SmartView<\/a><\/li>\n\t<li id=\"menu-item-1403\" class=\"menu-item menu-item-type-post_type menu-item-object-page menu-item-1403\"><a href=\"https:\/\/www.adisra.fr\/?page_id=1365\" class=\"menu-link\">Interface Intuitive d\u2019Ing\u00e9nierie<\/a><\/li>\n\t<li id=\"menu-item-1406\" class=\"menu-item menu-item-type-post_type menu-item-object-page menu-item-1406\"><a href=\"https:\/\/www.adisra.fr\/?page_id=1367\" class=\"menu-link\">Script<\/a><\/li>\n\t<li id=\"menu-item-1876\" class=\"menu-item menu-item-type-post_type menu-item-object-page menu-item-1876\"><a href=\"https:\/\/www.adisra.fr\/?page_id=1863\" class=\"menu-link\">Obtenir de l&rsquo;aide<\/a><\/li>\n<\/ul>\n<\/li>\n<li id=\"menu-item-1396\" class=\"menu-item menu-item-type-post_type menu-item-object-page menu-item-has-children menu-item-1396\"><a href=\"https:\/\/www.adisra.fr\/?page_id=1371\" class=\"menu-link\">Modules<\/a>\n<ul class=\"sub-menu\">\n\t<li id=\"menu-item-1408\" class=\"menu-item menu-item-type-post_type menu-item-object-page menu-item-1408\"><a href=\"https:\/\/www.adisra.fr\/?page_id=1373\" class=\"menu-link\">Ing\u00e9nierie<\/a><\/li>\n\t<li id=\"menu-item-1409\" class=\"menu-item menu-item-type-post_type menu-item-object-page menu-item-1409\"><a href=\"https:\/\/www.adisra.fr\/?page_id=1375\" class=\"menu-link\">Ex\u00e9cution<\/a><\/li>\n\t<li id=\"menu-item-1410\" class=\"menu-item menu-item-type-post_type menu-item-object-page menu-item-1410\"><a href=\"https:\/\/www.adisra.fr\/?page_id=1377\" class=\"menu-link\">Visionneuse<\/a><\/li>\n<\/ul>\n<\/li>\n<li id=\"menu-item-1395\" class=\"menu-item menu-item-type-post_type menu-item-object-page menu-item-has-children menu-item-1395\"><a href=\"https:\/\/www.adisra.fr\/?page_id=1379\" class=\"menu-link\">Hot Topics<\/a>\n<ul class=\"sub-menu\">\n\t<li id=\"menu-item-1411\" class=\"menu-item menu-item-type-post_type menu-item-object-page menu-item-1411\"><a href=\"https:\/\/www.adisra.fr\/?page_id=1381\" class=\"menu-link\">Base de donn\u00e9es<\/a><\/li>\n<\/ul>\n<\/li>\n<\/ul><\/div>\t\t<\/div>\n\t\t\t\t<\/div>\n\t\t<\/div><div class=\"elementor-element elementor-element-f134bc6 e-container--column e-container\" data-id=\"f134bc6\" data-element_type=\"container\">\t\t\t\t<div class=\"elementor-element elementor-element-6a6fde8 elementor-widget elementor-widget-heading\" data-id=\"6a6fde8\" data-element_type=\"widget\" data-widget_type=\"heading.default\">\n\t\t\t\t<div class=\"elementor-widget-container\">\n\t\t\t<h1 class=\"elementor-heading-title elementor-size-default\">Obtenir de l'aide<\/h1>\t\t<\/div>\n\t\t\t\t<\/div>\n\t\t\t\t<div class=\"elementor-element elementor-element-688465e elementor-widget elementor-widget-heading\" data-id=\"688465e\" data-element_type=\"widget\" data-widget_type=\"heading.default\">\n\t\t\t\t<div class=\"elementor-widget-container\">\n\t\t\t<h2 class=\"elementor-heading-title elementor-size-default\">Qu'est-ce que ADISRA SmartView ?<\/h2>\t\t<\/div>\n\t\t\t\t<\/div>\n\t\t\t\t<div class=\"elementor-element elementor-element-fc7319f elementor-widget elementor-widget-text-editor\" data-id=\"fc7319f\" data-element_type=\"widget\" data-widget_type=\"text-editor.default\">\n\t\t\t\t<div class=\"elementor-widget-container\">\n\t\t\t\t\t\t\t<p>ADISRA SmartView est un puissant outil logiciel de bureau bas\u00e9 sur Windows qui cr\u00e9e des programmes IHM, SCADA et client-serveur robustes pour les applications d&rsquo;automatisation industrielle. ADISRA SmartView fournit les fonctionnalit\u00e9s et fonctionnalit\u00e9s int\u00e9gr\u00e9es n\u00e9cessaires pour cr\u00e9er rapidement des projets et se connecter aux modules, composants et appareils standard de l&rsquo;industrie.<\/p><p>Avec ADISRA SmartView, vous avez la possibilit\u00e9 de cr\u00e9er de puissantes applications IHM et SCADA et de les modifier facilement \u00e0 tout moment. ADISRA SmartView est charg\u00e9 de pilotes de communication pour int\u00e9grer facilement diff\u00e9rents modules, composants et appareils. Vous pouvez stocker et acqu\u00e9rir des donn\u00e9es \u00e0 partir de sources externes telles que les OPC, les bases de donn\u00e9es, PI-OSIsoft, les appareils IoT et Edge, les automates et le cloud.<\/p>\t\t\t\t\t\t<\/div>\n\t\t\t\t<\/div>\n\t\t\t\t<div class=\"elementor-element elementor-element-44d86ba elementor-widget elementor-widget-heading\" data-id=\"44d86ba\" data-element_type=\"widget\" data-widget_type=\"heading.default\">\n\t\t\t\t<div class=\"elementor-widget-container\">\n\t\t\t<h3 class=\"elementor-heading-title elementor-size-default\">D\u00c9VELOPPEMENT<\/h3>\t\t<\/div>\n\t\t\t\t<\/div>\n\t\t\t\t<div class=\"elementor-element elementor-element-3497db1 elementor-widget elementor-widget-text-editor\" data-id=\"3497db1\" data-element_type=\"widget\" data-widget_type=\"text-editor.default\">\n\t\t\t\t<div class=\"elementor-widget-container\">\n\t\t\t\t\t\t\t<p>De puissants outils de visualisation qui incluent des milliers de symboles int\u00e9gr\u00e9s \u00e0 partir du facteur de symboles de Software Toolbox, des scripts C#, des tableaux multidimensionnels, des animations faciles \u00e0 cr\u00e9er et une bo\u00eete \u00e0 outils de pilotes qui permet \u00e0 quiconque de cr\u00e9er ses propres pilotes et de les int\u00e9grer \u00e0 ADISRA SmartView.<\/p>\t\t\t\t\t\t<\/div>\n\t\t\t\t<\/div>\n\t\t\t\t<div class=\"elementor-element elementor-element-af867fb elementor-widget elementor-widget-heading\" data-id=\"af867fb\" data-element_type=\"widget\" data-widget_type=\"heading.default\">\n\t\t\t\t<div class=\"elementor-widget-container\">\n\t\t\t<h3 class=\"elementor-heading-title elementor-size-default\">CONNECTIVIT\u00c9<\/h3>\t\t<\/div>\n\t\t\t\t<\/div>\n\t\t\t\t<div class=\"elementor-element elementor-element-6b0565e elementor-widget elementor-widget-text-editor\" data-id=\"6b0565e\" data-element_type=\"widget\" data-widget_type=\"text-editor.default\">\n\t\t\t\t<div class=\"elementor-widget-container\">\n\t\t\t\t\t\t\t<p>Connectivit\u00e9 transparente avec les appareils utilisant les protocoles standardis\u00e9s industriels les plus populaires tels que MQTT, OPC UA, OPC DA, OPC HDA.<\/p>\t\t\t\t\t\t<\/div>\n\t\t\t\t<\/div>\n\t\t\t\t<div class=\"elementor-element elementor-element-e4d62e4 elementor-widget elementor-widget-heading\" data-id=\"e4d62e4\" data-element_type=\"widget\" data-widget_type=\"heading.default\">\n\t\t\t\t<div class=\"elementor-widget-container\">\n\t\t\t<h3 class=\"elementor-heading-title elementor-size-default\">D\u00c9PLOIEMENT<\/h3>\t\t<\/div>\n\t\t\t\t<\/div>\n\t\t\t\t<div class=\"elementor-element elementor-element-059ccf1 elementor-widget elementor-widget-text-editor\" data-id=\"059ccf1\" data-element_type=\"widget\" data-widget_type=\"text-editor.default\">\n\t\t\t\t<div class=\"elementor-widget-container\">\n\t\t\t\t\t\t\t<p>D\u00e9ploiement facile sur les panneaux IHM, les salles de contr\u00f4le, les appareils p\u00e9riph\u00e9riques, les plates-formes cloud, les serveurs virtualis\u00e9s, les navigateurs Web et les appareils mobiles.<\/p>\t\t\t\t\t\t<\/div>\n\t\t\t\t<\/div>\n\t\t<\/div><\/div>\t\t<section class=\"elementor-section elementor-top-section elementor-element elementor-element-630f915 elementor-section-boxed elementor-section-height-default elementor-section-height-default\" data-id=\"630f915\" data-element_type=\"section\">\n\t\t\t\t\t\t<div class=\"elementor-container elementor-column-gap-default\">\n\t\t\t\t\t\t\t\t<\/div>\n\t\t<\/section>\n\t\t\t\t\t\t\t<\/div>\n\t\t","protected":false},"excerpt":{"rendered":"<p>Introduction Architecture Conditions Installation d\u2019ADISRA SmartView License ADISRA SmartView Interface Intuitive d\u2019Ing\u00e9nierie Script Obtenir de l&rsquo;aide Modules Ing\u00e9nierie R\u00e9sum\u00e9 d&rsquo;interface Bouton de menu Barre d&rsquo;acc\u00e8s rapide Ruban Fen\u00eatre de propri\u00e9t\u00e9s Arbre de navigation Arbre logique Affichage Recherche et rapports R\u00e9sultat de recherche Rapport d&rsquo;application Rapport de d\u00e9veloppement R\u00e9sultat de compilation \u00c9tiquettes \u00c9tiquettes syst\u00e8me \u00c9tiquettes basiques &hellip;<\/p>\n<p class=\"read-more\"> <a class=\"\" href=\"https:\/\/www.adisra.fr\/?page_id=1319\"> <span class=\"screen-reader-text\">Obtenir de l&rsquo;aide<\/span> Lire la suite\u00a0\u00bb<\/a><\/p>\n","protected":false},"author":1,"featured_media":0,"parent":0,"menu_order":0,"comment_status":"closed","ping_status":"closed","template":"","meta":{"_monsterinsights_skip_tracking":false,"_monsterinsights_sitenote_active":false,"_monsterinsights_sitenote_note":"","_monsterinsights_sitenote_category":0,"site-sidebar-layout":"no-sidebar","site-content-layout":"page-builder","ast-main-header-display":"","ast-hfb-above-header-display":"","ast-hfb-below-header-display":"","ast-hfb-mobile-header-display":"","site-post-title":"disabled","ast-breadcrumbs-content":"","ast-featured-img":"disabled","footer-sml-layout":"","theme-transparent-header-meta":"default","adv-header-id-meta":"","stick-header-meta":"","header-above-stick-meta":"","header-main-stick-meta":"","header-below-stick-meta":"","footnotes":""},"class_list":["post-1319","page","type-page","status-publish","hentry"],"aioseo_notices":[],"_links":{"self":[{"href":"https:\/\/www.adisra.fr\/index.php?rest_route=\/wp\/v2\/pages\/1319","targetHints":{"allow":["GET"]}}],"collection":[{"href":"https:\/\/www.adisra.fr\/index.php?rest_route=\/wp\/v2\/pages"}],"about":[{"href":"https:\/\/www.adisra.fr\/index.php?rest_route=\/wp\/v2\/types\/page"}],"author":[{"embeddable":true,"href":"https:\/\/www.adisra.fr\/index.php?rest_route=\/wp\/v2\/users\/1"}],"replies":[{"embeddable":true,"href":"https:\/\/www.adisra.fr\/index.php?rest_route=%2Fwp%2Fv2%2Fcomments&post=1319"}],"version-history":[{"count":41,"href":"https:\/\/www.adisra.fr\/index.php?rest_route=\/wp\/v2\/pages\/1319\/revisions"}],"predecessor-version":[{"id":8702,"href":"https:\/\/www.adisra.fr\/index.php?rest_route=\/wp\/v2\/pages\/1319\/revisions\/8702"}],"wp:attachment":[{"href":"https:\/\/www.adisra.fr\/index.php?rest_route=%2Fwp%2Fv2%2Fmedia&parent=1319"}],"curies":[{"name":"wp","href":"https:\/\/api.w.org\/{rel}","templated":true}]}}